{"id":96,"date":"2023-03-16T18:30:32","date_gmt":"2023-03-16T17:30:32","guid":{"rendered":"https:\/\/www.planetdiving.com\/site2\/?page_id=96"},"modified":"2026-01-14T11:10:35","modified_gmt":"2026-01-14T10:10:35","slug":"boudrysia","status":"publish","type":"page","link":"https:\/\/www.planetdiving.com\/site2\/boudrysia\/","title":{"rendered":"Boudrysia"},"content":{"rendered":"\n<div class=\"wp-block-group has-global-padding is-layout-constrained wp-block-group-is-layout-constrained\">\n<div class=\"wp-block-group has-global-padding is-layout-constrained wp-block-group-is-layout-constrained\">\n<p class=\"has-text-align-center has-background\" style=\"background-color:#00441e\"><strong>Remerciement des B\u00e9n\u00e9voles<\/strong><br><strong>du Stand Planet Diving<\/strong><br><br>La date de l&rsquo;\u00e9v\u00e9nement de remerciement des B\u00e9n\u00e9voles aura lieu cette ann\u00e9e au Club Planet Diving le :<br><br><strong>***** Date provisoire ***** <br>Samedi 25.04.2026 d\u00e8s 18h00<\/strong><br>******************************<br><strong>Soir\u00e9e des B\u00e9n\u00e9voles Boudrysia<\/strong><br>*******************************<br><br><br>Plus d&rsquo;informations prochainement. <br><br><em>(i) Nous allons envoyer les invitations par le groupe WhatsApp des B\u00e9n\u00e9voles !<\/em><\/p>\n\n\n\n<p class=\"has-vivid-red-background-color has-background\">Ne quittez pas le groupe WhatsApp, <br>car il nous permet de communiquer avec tous des B\u00e9n\u00e9voles.<\/p>\n<\/div>\n\n\n\n<hr class=\"wp-block-separator has-alpha-channel-opacity is-style-wide\"\/>\n\n\n\n<p class=\"has-background has-medium-font-size\" style=\"background-color:#000a34;padding-right:var(--wp--preset--spacing--20);padding-left:var(--wp--preset--spacing--20)\"><strong>Photos<\/strong><br><strong>du Stand Planet Diving<\/strong> :<br>Edition 2025 : <a href=\"https:\/\/photos.app.goo.gl\/npWGpHw2DLTVmZuSA\">voir les photos<\/a><br>Edition 2023 : <a href=\"https:\/\/photos.app.goo.gl\/86QbpSf1BNaPxszM9\" target=\"_blank\" rel=\"noreferrer noopener\">voir les photos<\/a><br>Edition 2019 : <a href=\"https:\/\/photos.app.goo.gl\/TzpytLZVR3Z65FBo6\" target=\"_blank\" rel=\"noreferrer noopener\">voir les photos<\/a><br>Edition 2017 : <a href=\"https:\/\/photos.app.goo.gl\/JcyiJOEq7kB5na6q2\" target=\"_blank\" rel=\"noreferrer noopener\">voir les photos<\/a><\/p>\n\n\n\n<div style=\"height:100px\" aria-hidden=\"true\" class=\"wp-block-spacer\"><\/div>\n\n\n\n<hr class=\"wp-block-separator has-alpha-channel-opacity\"\/>\n<\/div>\n\n\n\n<p class=\"has-xx-large-font-size\">Archives<br>Historique :<\/p>\n\n\n\n<hr class=\"wp-block-separator has-alpha-channel-opacity\"\/>\n\n\n\n<p class=\"has-primary-background-color has-background has-xx-large-font-size\">Edition <strong>2025<\/strong><\/p>\n\n\n\n<p class=\"has-large-font-size\"><strong>Boudrysia 2025<\/strong><\/p>\n\n\n\n<p><strong>Stand &lsquo;Planet Diving&rsquo; <\/strong><br><strong>\u00e0 la Boudrysia<br>12-13-14 Septembre 2025<\/strong><\/p>\n\n\n\n<p class=\"has-text-align-center has-primary-background-color has-background\" style=\"padding-right:var(--wp--preset--spacing--20);padding-left:var(--wp--preset--spacing--20)\"><strong>B\u00e9n\u00e9voles :<br>12-13-14 Septembre 2025<\/strong><br>R\u00e9serve la date et<br><mark style=\"background-color:rgba(0, 0, 0, 0);color:#81ffa5\" class=\"has-inline-color\"> <\/mark><mark style=\"background-color:rgba(0, 0, 0, 0);color:#5fff54\" class=\"has-inline-color\"><a href=\"https:\/\/www.planetdiving.com\/site2\/benevoles\/\"><strong><mark>&gt; Clique ici pour t&rsquo;inscrire &lt;<\/mark><\/strong><\/a><\/mark><br>Nous avons besoin de ton aide \ud83d\ude09<\/p>\n\n\n\n<p class=\"has-tertiary-background-color has-background\"><strong><span style=\"text-decoration: underline;\">Recherche de B\u00e9n\u00e9voles<\/span><\/strong><br><mark style=\"background-color:rgba(0, 0, 0, 0)\" class=\"has-inline-color has-secondary-color\"><strong><mark style=\"background-color:rgba(0, 0, 0, 0)\" class=\"has-inline-color has-secondary-color\">BONNE NOUVELLE <\/mark><\/strong><br><strong><mark style=\"background-color:rgba(0, 0, 0, 0)\" class=\"has-inline-color has-secondary-color\">nous sommes complet en B\u00e9n\u00e9voles <\/mark><\/strong><br><strong><mark style=\"background-color:rgba(0, 0, 0, 0)\" class=\"has-inline-color has-secondary-color\">pour vendredi et samedi ! <\/mark><\/strong><br><strong><mark style=\"background-color:rgba(0, 0, 0, 0)\" class=\"has-inline-color has-secondary-color\">Nous sommes 67 B\u00e9n\u00e9voles \ud83d\ude42<\/mark><\/strong><\/mark><br><mark style=\"background-color:rgba(0, 0, 0, 0)\" class=\"has-inline-color has-secondary-color\">Nous recherchons encore pour la mise en place vendredi matin et d\u00e9montage dimanche soir ! <\/mark> <br><br>Quelques tranches horaires sont aussi ouverte:<br> <a href=\"https:\/\/www.planetdiving.com\/site2\/benevoles\/\"><strong><mark style=\"background-color:#9DFF20\" class=\"has-inline-color\">&gt; Clique ici pour t&rsquo;inscrire &lt; <\/mark><\/strong><\/a><br><br>&gt;Tranches Horaires :<br> <a href=\"https:\/\/1drv.ms\/x\/c\/e08e130a7b3933fe\/ERelI9SIT25OlGzmbGg4WbUBYH5H1NBAOPF58KCj1D_AjQ\" target=\"_blank\" rel=\"noreferrer noopener\">voir le planning<\/a><br><br>&gt; WhatsApp :<br> <mark style=\"background-color:rgba(0, 0, 0, 0)\" class=\"has-inline-color has-base-color\"> <a href=\"https:\/\/chat.whatsapp.com\/C1JkIW211z60pZCYmmqe5N\" target=\"_blank\" rel=\"noreferrer noopener\">rejoins le groupe B\u00e9n\u00e9voles<\/a><\/mark><br><br><em>Merci \u00e0 tous les b\u00e9n\u00e9voles qui s&rsquo;inscrivent, <br>sans vous on ne peux pas organiser cette f\u00eate !<br><\/em>\u2764\ufe0f\u2764\ufe0f\u2764\ufe0f<\/p>\n\n\n\n<hr class=\"wp-block-separator has-alpha-channel-opacity is-style-wide\"\/>\n\n\n\n<p class=\"has-background\" style=\"background-color:#003254\"><strong>Informations &amp; Contact pour B\u00e9n\u00e9voles  : <\/strong><br> <br>&gt; Planning des B\u00e9n\u00e9voles :<br> <a href=\"https:\/\/1drv.ms\/x\/c\/e08e130a7b3933fe\/ERelI9SIT25OlGzmbGg4WbUBYH5H1NBAOPF58KCj1D_AjQ\" data-type=\"link\" data-id=\"https:\/\/1drv.ms\/x\/c\/e08e130a7b3933fe\/ERelI9SIT25OlGzmbGg4WbUBYH5H1NBAOPF58KCj1D_AjQ\" target=\"_blank\" rel=\"noreferrer noopener\">voir le fichier sur OneDrive<\/a><br>&gt; WhatsApp :<br> <mark style=\"background-color:rgba(0, 0, 0, 0)\" class=\"has-inline-color has-base-color\"> <a href=\"https:\/\/chat.whatsapp.com\/C1JkIW211z60pZCYmmqe5N\" target=\"_blank\" rel=\"noreferrer noopener\">rejoins le groupe B\u00e9n\u00e9voles<\/a><\/mark><br>&gt; email :<br> <a href=\"mailto:info@planetdiving.com\">info@planetdiving.com<\/a><br><br><br><strong>Informations utiles pour les B\u00e9n\u00e9voles  :<\/strong><br><br><strong>&#8211; Dress Code<\/strong><br>\u00b0Haut de couleur \u00ab\u00a0BLANC\u00a0\u00bb neutre<br> (ou T-Shirt des ann\u00e9es pr\u00e9c\u00e9dentes) <br><br><strong>&#8211; Entr\u00e9e \u00e0 la manifestation<\/strong><br> \u00b0Nous t&rsquo;offrons le bracelet cashless, obligatoire pour l&rsquo;entr\u00e9e \u00e0 la Boudrysia (contact Natacha ou Cendrine via le groupe WhatsApp).<br><br><strong>&#8211; Durant la manifestation : <\/strong><br> \u00b0 A ton arriv\u00e9e au Stand, <br> annonce toi au chef super cool de bar &lsquo;Fabrice&rsquo; <br> \u00b0 Durant ton service, tu es libre de te servir gratuitement et de boire toutes les boissons que tu souhaites dans la mesure du raisonnable, et que tu restes en capacit\u00e9 d&rsquo;assurer le service.&nbsp;<br> \u00b0 Tu es libre de prendre des pauses<br> \u00b0 Tu es libre de re-organiser ton planning, en l&rsquo;annon\u00e7ant au chef de bar.<br><br><strong>&#8211; Apr\u00e8s la manifestation : <\/strong><br> \u00b0 pour te remercier de ton aide, <br>nous t&rsquo;inviterons \u00e0 l&rsquo;\u00e9v\u00e8nement de remerciement des B\u00e9n\u00e9voles, avec repas, boissons, et fiesta !<br>L&rsquo;invitation viendra uniquement via le groupe WhatsApp des B\u00e9n\u00e9voles, surtout ne quitte pas le groupe apr\u00e8s la Boudrysia \ud83d\ude42 <br> <br><\/p>\n\n\n\n<p><strong>Les 20ans du Stand Planet Diving<\/strong> &#8211; <strong>Encore dans le Game !<\/strong><br>C&rsquo;est Party pour nos 20ans de fiesta cette ann\u00e9e 2025 !<br>Le Club Planet Diving tiendra son traditionnel stand devant la Coop de Boudry. Au menu, 24 m\u00e8tres de bar, des super cocktails, de la musique avec lightshow, et une ambiance de folie, avec pleins de membres de Planet pour vous servir !<br>On va faire une sacr\u00e9e derni\u00e8re fiesta ! <br>Th\u00e8mes musical : Fun, Dance, et Vintage.<\/p>\n\n\n\n<figure data-wp-context=\"{&quot;imageId&quot;:&quot;69ee01a434b93&quot;}\" data-wp-interactive=\"core\/image\" data-wp-key=\"69ee01a434b93\" class=\"wp-block-image aligncenter size-full is-resized wp-lightbox-container\"><img loading=\"lazy\" decoding=\"async\" width=\"379\" height=\"752\" data-wp-class--hide=\"state.isContentHidden\" data-wp-class--show=\"state.isContentVisible\" data-wp-init=\"callbacks.setButtonStyles\" data-wp-on--click=\"actions.showLightbox\" data-wp-on--load=\"callbacks.setButtonStyles\" data-wp-on-window--resize=\"callbacks.setButtonStyles\" src=\"https:\/\/www.planetdiving.com\/site2\/wp-content\/uploads\/2025\/05\/Boudrysia2025-Stand-PLANETDIVING_vertical.gif\" alt=\"Boudrysia 2025 - Stand Planet Diving\" class=\"wp-image-2203\" style=\"width:541px;height:auto\"\/><button\n\t\t\tclass=\"lightbox-trigger\"\n\t\t\ttype=\"button\"\n\t\t\taria-haspopup=\"dialog\"\n\t\t\taria-label=\"Agrandir\"\n\t\t\tdata-wp-init=\"callbacks.initTriggerButton\"\n\t\t\tdata-wp-on--click=\"actions.showLightbox\"\n\t\t\tdata-wp-style--right=\"state.imageButtonRight\"\n\t\t\tdata-wp-style--top=\"state.imageButtonTop\"\n\t\t>\n\t\t\t<svg xmlns=\"http:\/\/www.w3.org\/2000\/svg\" width=\"12\" height=\"12\" fill=\"none\" viewBox=\"0 0 12 12\">\n\t\t\t\t<path fill=\"#fff\" d=\"M2 0a2 2 0 0 0-2 2v2h1.5V2a.5.5 0 0 1 .5-.5h2V0H2Zm2 10.5H2a.5.5 0 0 1-.5-.5V8H0v2a2 2 0 0 0 2 2h2v-1.5ZM8 12v-1.5h2a.5.5 0 0 0 .5-.5V8H12v2a2 2 0 0 1-2 2H8Zm2-12a2 2 0 0 1 2 2v2h-1.5V2a.5.5 0 0 0-.5-.5H8V0h2Z\" \/>\n\t\t\t<\/svg>\n\t\t<\/button><\/figure>\n\n\n\n<figure class=\"wp-block-image aligncenter size-full\"><img loading=\"lazy\" decoding=\"async\" width=\"551\" height=\"422\" src=\"https:\/\/www.planetdiving.com\/site2\/wp-content\/uploads\/2023\/09\/Boudrysia-Plan.jpg\" alt=\"Boudrysia - emplacement Stand Planet Diving\" class=\"wp-image-395\" srcset=\"https:\/\/www.planetdiving.com\/site2\/wp-content\/uploads\/2023\/09\/Boudrysia-Plan.jpg 551w, https:\/\/www.planetdiving.com\/site2\/wp-content\/uploads\/2023\/09\/Boudrysia-Plan-300x230.jpg 300w\" sizes=\"auto, (max-width: 551px) 100vw, 551px\" \/><\/figure>\n\n\n\n<hr class=\"wp-block-separator has-alpha-channel-opacity is-style-wide\"\/>\n\n\n\n<p class=\"has-vivid-cyan-blue-background-color has-background\"><strong>Pourquoi t&rsquo;inscrire en tant que B\u00e9n\u00e9vole ? <\/strong><br>Parce que c&rsquo;est VITALE<br><span style=\"text-decoration: underline;\">pour la survie du Club<\/span> <br>&#8230;sinon c&rsquo;est la fin !<br><br><strong>Que se passera t&rsquo;il si nous ne pouvons pas faire la Boudrysia?<\/strong><br>Dans la triste situation ou nous ne pourrions pas faire le stand, nous devrons <strong><span style=\"text-decoration: underline;\">augmenter de 50% les cotisations<\/span><\/strong> du Club d\u00e8s 2026, <strong><span style=\"text-decoration: underline;\">ou\/et fermer le Club de plong\u00e9e dans les 2 ans.<\/span><\/strong><br><br><strong>Pourquoi nous devons faire la Boudrysia?<\/strong><br>Notre situation financi\u00e8re est au plus mal.<br>Nous sommes un Club \u00e0 but non lucratif. Nous sommes tous des b\u00e9n\u00e9voles, y compris au Comit\u00e9, personne au sein du Club ne gagne personnellement de l&rsquo;argent avec le Club ou toutes les manifestations, tous les b\u00e9n\u00e9fices sont investis dans le Club. Les cotisations des Membres sont ajust\u00e9es au minimum. <br>Malheureusement nous avons aussi perdu beaucoup d&rsquo;argent durant 3 ans de gal\u00e8res de 2020 \u00e0 2023, <br>avec le Covid19 et 1 incendie, les finances sont au plus mal.<br><br>La Boudrysia est le seul moyen d&rsquo;entr\u00e9e d&rsquo;argent exceptionnel, notre participation est n\u00e9cessaire pour la survie financi\u00e8re du Club et de l&rsquo;Ecole de plong\u00e9e ! Si nous perdons ses b\u00e9n\u00e9fices financiers qui sont vitaux pour maintenir le Club en vie, il sera difficile de conserver le Club et l&rsquo;Ecole ouverts, sans augmenter les cotisations, et impossible d&rsquo;investir dans du nouveau mat\u00e9riel de plong\u00e9e ou l&rsquo;entretien du compresseur !<\/p>\n\n\n\n<div style=\"height:67px\" aria-hidden=\"true\" class=\"wp-block-spacer\"><\/div>\n\n\n\n<hr class=\"wp-block-separator has-alpha-channel-opacity\"\/>\n\n\n\n<p class=\"has-primary-background-color has-background has-xx-large-font-size\">Edition <strong>2023<\/strong><\/p>\n\n\n\n<div class=\"wp-block-group has-global-padding is-layout-constrained wp-block-group-is-layout-constrained\">\n<p class=\"has-background\" style=\"background-color:#00441e\"><strong>Souper des B\u00e9n\u00e9voles 2023 <\/strong><br><strong>du Stand Planet Diving<\/strong><br><br>La date du souper est le \u00ab\u00a010 F\u00e9vrier 2024\u00a0\u00bb. <br><em>(i) Nous avons envoy\u00e9 les invitations \u00e0 la soir\u00e9e par le groupe WhatsApp des B\u00e9n\u00e9voles !<\/em><\/p>\n\n\n\n<p class=\"has-vivid-red-background-color has-background\">Ne quittez pas le groupe WhatsApp, car il nous permet de communiquer avec tous des B\u00e9n\u00e9voles.<\/p>\n<\/div>\n\n\n\n<hr class=\"wp-block-separator has-alpha-channel-opacity is-style-wide\"\/>\n\n\n\n<hr class=\"wp-block-separator has-alpha-channel-opacity\"\/>\n\n\n\n<div class=\"wp-block-group has-global-padding is-layout-constrained wp-block-group-is-layout-constrained\">\n<p class=\"has-large-font-size\"><strong>Boudrysia 2023<\/strong><\/p>\n\n\n\n<p><strong>Stand &lsquo;Planet Diving&rsquo; <\/strong><br><strong>\u00e0 la Boudrysia 2023<br>08-09-10 Septembre 2023<\/strong><\/p>\n\n\n\n<p><strong>Le Stand Planet Diving<\/strong><br>Apr\u00e8s 4 ans sans Boudrysia :  <br>&lsquo;Nous R&rsquo;Voila&rsquo; ! &lsquo;C&rsquo;est R&rsquo;Party&rsquo; ! &lsquo;On est D&rsquo;Retour&rsquo; !<br>Cette ann\u00e9e 2023, le Club Planet Diving tiendra son traditionnel stand devant la Coop de Boudry. Au menu, 24 m\u00e8tres de bar, des super cocktails, de la musique avec lightshow, et une ambiance de folie, et pleins de membres de Planet pour vous servir ! On va faire une sacr\u00e9e fiesta ! <br>Th\u00e8mes musical : Vendredi Fun et Samedi Vintage. <\/p>\n\n\n\n<p class=\"has-tertiary-background-color has-background\"><strong><span style=\"text-decoration: underline;\">Recherche de B\u00e9n\u00e9voles<\/span><\/strong><br><strong><mark style=\"background-color:rgba(0, 0, 0, 0)\" class=\"has-inline-color has-secondary-color\">BONNE NOUVELLE <\/mark><\/strong><br><strong><mark style=\"background-color:rgba(0, 0, 0, 0)\" class=\"has-inline-color has-secondary-color\">nous sommes complet en B\u00e9n\u00e9voles <\/mark><\/strong><br><strong><mark style=\"background-color:rgba(0, 0, 0, 0)\" class=\"has-inline-color has-secondary-color\">pour vendredi et samedi ! <\/mark><\/strong><br><strong><mark style=\"background-color:rgba(0, 0, 0, 0)\" class=\"has-inline-color has-secondary-color\">Nous sommes 65 B\u00e9n\u00e9voles \ud83d\ude42<\/mark><\/strong><br>Merci \u00e0 tous les b\u00e9n\u00e9voles qui se sont inscrits, <br>on aurait pas pu organiser cette f\u00eate sans vous<br>\u2764\ufe0f\u2764\ufe0f\u2764\ufe0f<br> <br><span style=\"text-decoration: underline;\">Tranches Horaires encore disponibles<\/span> :<br><s>Nous recherchons encore des b\u00e9n\u00e9voles pour<br>la tranche horaire de <br>dimanche matin<\/s><br><br> <a href=\"https:\/\/www.planetdiving.com\/site2\/benevoles\/\"><strong><mark style=\"background-color:#9DFF20\" class=\"has-inline-color\">&gt; Clique ici pour ton INSCRIPTION B\u00e9n\u00e9vole \ud83d\ude42 <\/mark><\/strong><\/a><br><br>&gt; voir le Planning actuel des B\u00e9n\u00e9voles 2023 :<br> &#8211; <a href=\"https:\/\/www.planetdiving.com\/site2\/wp-content\/uploads\/2023\/04\/PLANNING-STAFF-Boudrysia-2023.pdf\" data-type=\"attachment\" data-id=\"151\" target=\"_blank\" rel=\"noreferrer noopener\">version pdf<\/a><br> &#8211; <a href=\"https:\/\/1drv.ms\/b\/s!Av4zOXsKE47ggbcydSsD-iMWVt9cuQ?e=qyhlfe\" target=\"_blank\" rel=\"noreferrer noopener\">version OneDrive<\/a><\/p>\n\n\n\n<p><\/p>\n\n\n\n<figure class=\"wp-block-image size-full\"><img loading=\"lazy\" decoding=\"async\" width=\"1284\" height=\"2560\" src=\"https:\/\/www.planetdiving.com\/site2\/wp-content\/uploads\/2023\/03\/Boudrysia2023-Stand-PLANETDIVING_vertical-scaled.jpg\" alt=\"Boudrysia 2023\nStand Planet Diving\" class=\"wp-image-113\" srcset=\"https:\/\/www.planetdiving.com\/site2\/wp-content\/uploads\/2023\/03\/Boudrysia2023-Stand-PLANETDIVING_vertical-scaled.jpg 1284w, https:\/\/www.planetdiving.com\/site2\/wp-content\/uploads\/2023\/03\/Boudrysia2023-Stand-PLANETDIVING_vertical-150x300.jpg 150w, https:\/\/www.planetdiving.com\/site2\/wp-content\/uploads\/2023\/03\/Boudrysia2023-Stand-PLANETDIVING_vertical-513x1024.jpg 513w, https:\/\/www.planetdiving.com\/site2\/wp-content\/uploads\/2023\/03\/Boudrysia2023-Stand-PLANETDIVING_vertical-768x1532.jpg 768w, https:\/\/www.planetdiving.com\/site2\/wp-content\/uploads\/2023\/03\/Boudrysia2023-Stand-PLANETDIVING_vertical-770x1536.jpg 770w, https:\/\/www.planetdiving.com\/site2\/wp-content\/uploads\/2023\/03\/Boudrysia2023-Stand-PLANETDIVING_vertical-1027x2048.jpg 1027w\" sizes=\"auto, (max-width: 1284px) 100vw, 1284px\" \/><\/figure>\n<\/div>\n","protected":false},"excerpt":{"rendered":"<p>Remerciement des B\u00e9n\u00e9volesdu Stand Planet Diving La date de l&rsquo;\u00e9v\u00e9nement de remerciement des B\u00e9n\u00e9voles aura lieu cette ann\u00e9e au Club Planet Diving le : ***** Date provisoire ***** Samedi 25.04.2026 d\u00e8s 18h00******************************Soir\u00e9e des B\u00e9n\u00e9voles Boudrysia******************************* Plus d&rsquo;informations prochainement. (i) Nous allons envoyer les invitations par le groupe WhatsApp des B\u00e9n\u00e9voles ! Ne quittez pas le [&hellip;]<\/p>\n","protected":false},"author":1,"featured_media":0,"parent":0,"menu_order":0,"comment_status":"closed","ping_status":"closed","template":"","meta":{"footnotes":""},"class_list":["post-96","page","type-page","status-publish","hentry"],"_links":{"self":[{"href":"https:\/\/www.planetdiving.com\/site2\/wp-json\/wp\/v2\/pages\/96","targetHints":{"allow":["GET"]}}],"collection":[{"href":"https:\/\/www.planetdiving.com\/site2\/wp-json\/wp\/v2\/pages"}],"about":[{"href":"https:\/\/www.planetdiving.com\/site2\/wp-json\/wp\/v2\/types\/page"}],"author":[{"embeddable":true,"href":"https:\/\/www.planetdiving.com\/site2\/wp-json\/wp\/v2\/users\/1"}],"replies":[{"embeddable":true,"href":"https:\/\/www.planetdiving.com\/site2\/wp-json\/wp\/v2\/comments?post=96"}],"version-history":[{"count":271,"href":"https:\/\/www.planetdiving.com\/site2\/wp-json\/wp\/v2\/pages\/96\/revisions"}],"predecessor-version":[{"id":2554,"href":"https:\/\/www.planetdiving.com\/site2\/wp-json\/wp\/v2\/pages\/96\/revisions\/2554"}],"wp:attachment":[{"href":"https:\/\/www.planetdiving.com\/site2\/wp-json\/wp\/v2\/media?parent=96"}],"curies":[{"name":"wp","href":"https:\/\/api.w.org\/{rel}","templated":true}]}}