{"id":794,"date":"2023-10-10T10:29:19","date_gmt":"2023-10-10T08:29:19","guid":{"rendered":"https:\/\/www.planetdiving.com\/site2\/?page_id=794"},"modified":"2026-04-17T15:22:08","modified_gmt":"2026-04-17T13:22:08","slug":"devenir-membre","status":"publish","type":"page","link":"https:\/\/www.planetdiving.com\/site2\/club\/devenir-membre\/","title":{"rendered":"Devenir Membre"},"content":{"rendered":"\n<div style=\"height:17px\" aria-hidden=\"true\" class=\"wp-block-spacer\"><\/div>\n\n\n\n<p>Tout le monde peux devenir Membre \ud83d\ude03<br>Il suffit de suivre 2 \u00e9tapes ci-dessous.<\/p>\n\n\n\n<p>Les Membres ont acc\u00e8s au Gonflage Air en illimit\u00e9 \u00e0 la borne ext\u00e9rieure, accessible 7j\/7 24h\/24, ou au Gonflage TECH autonome selon leur statut. <br><br>Ils ont la possibilit\u00e9 de participer aux activit\u00e9s du Club et de suivre les cours de l&rsquo;Ecole.<\/p>\n\n\n\n<div style=\"height:17px\" aria-hidden=\"true\" class=\"wp-block-spacer\"><\/div>\n\n\n\n<hr class=\"wp-block-separator has-alpha-channel-opacity\"\/>\n\n\n\n<h5 class=\"wp-block-heading has-large-font-size\"><mark style=\"background-color:rgba(0, 0, 0, 0);color:#8ed1fc\" class=\"has-inline-color\">COMMENT DEVENIR Membres ?<\/mark><\/h5>\n\n\n\n<p><mark style=\"background-color:rgba(0, 0, 0, 0);color:#8ed1fc\" class=\"has-inline-color\">Etape 1 :<\/mark><br>Pour devenir\u00a0Membre<br>du Club de Plong\u00e9e Planet Diving :<br>\u00a0\u00a0>\u00a0<a href=\"https:\/\/www.planetdiving.com\/club\/abonnement\/inscription-club.pdf\" target=\"_blank\" rel=\"noreferrer noopener\">t\u00e9l\u00e9charger ici le formulaire pdf<\/a><br>\u00a0\u00a0> remplir et signer<br>\u00a0\u00a0> envoyer \u00e0 <a href=\"mailto:info@planetdiving.com\">info@planetdiving.com<\/a><br>\u00a0\u00a0 ou par la Poste<br>\u00a0> <a href=\"https:\/\/www.planetdiving.com\/site2\/club\/devenir-membre\/cotisation\/\" data-type=\"page\" data-id=\"2154\">payer la cotisation<\/a><br>\u00a0\u00a0 selon <a href=\"#cotisations\">l&rsquo;abonnement choisi<\/a> <br>\u00a0\u00a0 avec le QR code ci-dessous <br>\u00a0\u00a0 et mettre un commentaire<br>\u00a0\u00a0 [Cotisation Prenom Nom] :<\/p>\n\n\n\n<figure class=\"wp-block-image aligncenter size-thumbnail is-resized\"><a href=\"https:\/\/www.planetdiving.com\/site2\/wp-content\/uploads\/2025\/02\/QR-Code_facture_paiement_Planet-Diving.jpg\"><img loading=\"lazy\" decoding=\"async\" width=\"150\" height=\"150\" src=\"https:\/\/www.planetdiving.com\/site2\/wp-content\/uploads\/2025\/02\/QR-Code_facture_paiement_Planet-Diving-150x150.jpg\" alt=\"\" class=\"wp-image-2115\" style=\"object-fit:cover;width:50px;height:auto\"\/><\/a><\/figure>\n\n\n\n<p>\u00a0\u00a0> Vous recevrez une confirmation<br>\u00a0\u00a0 dans les prochaines semaines<br>\u00a0\u00a0 ou d\u00e8s que possible *<\/p>\n\n\n\n<p class=\"has-cyan-bluish-gray-color has-text-color has-link-color has-small-font-size wp-elements-589131b85c33abbb1b704921fea79d6c\">* <em>Nous somme une petite structure \u00e0 but non lucratif, <\/em><br><em>compos\u00e9e uniquement de membres \u00ab\u00a0b\u00e9n\u00e9voles\u00a0\u00bb. <br>Nous ne sommes pas ouvert en permanence, veuillez en tenir compte.<\/em><br><em>Nous traitons les demandes d&rsquo;information ou d&rsquo;adh\u00e9sion dans les prochaines semaines, ou d\u00e8s que possible. En cas de r\u00e9el urgence vous pouvez essayer de nous contacter sur notre <a href=\"https:\/\/www.planetdiving.com\/site2\/club\/contact\/\" data-type=\"page\" data-id=\"775\">InfoLine<\/a> .<\/em><\/p>\n\n\n\n<hr class=\"wp-block-separator has-alpha-channel-opacity\"\/>\n\n\n\n<p><mark style=\"background-color:rgba(0, 0, 0, 0);color:#8ed1fc\" class=\"has-inline-color\">Etape 2 :<\/mark><br>> Pour les Membres Actifs<br>\u00a0\u00a0 afin d&rsquo;obtenir le code de <br>\u00a0\u00a0 la borne de gonflage externe<br>\u00a0\u00a0 il faut remplir le formulaire web:<br>\u00a0\u00a0 <a href=\"https:\/\/www.planetdiving.com\/site2\/membres\/inscription#Inscription-Site\" data-type=\"link\" data-id=\"https:\/\/www.planetdiving.com\/site2\/membres\/inscription\/\">Inscription au site<\/a><br> > Une fois que vous aurez re\u00e7u<br>\u00a0\u00a0 un email de validation, aller dans<br>\u00a0\u00a0 -> <a href=\"https:\/\/www.planetdiving.com\/site2\/membres\/connexion\/\">Connexion <\/a>-> <a href=\"https:\/\/www.planetdiving.com\/site\/club.membres.php\" data-type=\"link\" data-id=\"https:\/\/www.planetdiving.com\/site\/club.membres.php\">Code Gonflage<\/a><\/p>\n\n\n\n<hr class=\"wp-block-separator has-alpha-channel-opacity\"\/>\n\n\n\n<div style=\"height:13px\" aria-hidden=\"true\" class=\"wp-block-spacer\"><\/div>\n\n\n\n<p>(i) Aide : <br>en cas de question vous pouvez nous contacter par <a href=\"mailto:info@planediving.com\" data-type=\"mailto\" data-id=\"mailto:info@planediving.com\">email<\/a> <br><\/p>\n\n\n\n<div style=\"height:13px\" aria-hidden=\"true\" class=\"wp-block-spacer\"><\/div>\n\n\n\n<hr class=\"wp-block-separator has-alpha-channel-opacity\"\/>\n\n\n\n<p class=\"has-secondary-color has-text-color has-link-color has-large-font-size wp-elements-aab33c7c96664e1c533fdd1a11c1a7fe\" id=\"cotisations\"><strong><mark style=\"background-color:rgba(0, 0, 0, 0);color:#8ed1fc\" class=\"has-inline-color\">PRIX DES COTISATIONS :<\/mark><\/strong><\/p>\n\n\n\n<div style=\"height:7px\" aria-hidden=\"true\" class=\"wp-block-spacer\"><\/div>\n\n\n\n<h5 class=\"wp-block-heading\"><mark style=\"background-color:rgba(0, 0, 0, 0);color:#8ed1fc\" class=\"has-inline-color\">ABONNEMENT Membres Actifs (AIR)<\/mark><\/h5>\n\n\n\n<p>Les Membres Actifs ont acc\u00e8s \u00e0 <a href=\"https:\/\/www.planetdiving.com\/site2\/club\/station-de-gonflage\/\" data-type=\"page\" data-id=\"787\">la station de gonflage <em>air<\/em><\/a>.<\/p>\n\n\n\n<figure class=\"wp-block-table\"><table><thead><tr><th>Abonnement<\/th><th>Cotisation annuelle<\/th><\/tr><\/thead><tbody><tr><td>Membre Actif Air (individuel)<\/td><td>CHF 120.-<\/td><\/tr><tr><td>Membre Actif Air (couple)<\/td><td>CHF 200.-<\/td><\/tr><tr><td>Membre Actif Air (junior &amp; \u00e9tudiant***)<\/td><td>CHF 50.-<\/td><\/tr><\/tbody><\/table><\/figure>\n\n\n\n<div style=\"height:19px\" aria-hidden=\"true\" class=\"wp-block-spacer\"><\/div>\n\n\n\n<h5 class=\"wp-block-heading\"><mark style=\"background-color:rgba(0, 0, 0, 0);color:#8ed1fc\" class=\"has-inline-color\">ABONNEMENT Membres Actifs TECH<\/mark><\/h5>\n\n\n\n<p>Avantages comme Membre Actif Air, <br>mais avec en plus la possibilit\u00e9 d&rsquo;utiliser la Station TECH blender et de gonfler <a href=\"https:\/\/www.planetdiving.com\/site2\/tech\/\" data-type=\"page\" data-id=\"1120\">O2 et He<\/a> (prix des gaz en sus).<\/p>\n\n\n\n<figure class=\"wp-block-table\"><table><thead><tr><th>Abonnement<\/th><th>Cotisation annuelle<\/th><\/tr><\/thead><tbody><tr><td>Membre Actif TECH (individuel)<\/td><td>CHF 170.-<\/td><\/tr><tr><td>Membre Actif TECH (couple)<\/td><td>CHF 300.-<\/td><\/tr><\/tbody><\/table><\/figure>\n\n\n\n<div style=\"height:29px\" aria-hidden=\"true\" class=\"wp-block-spacer\"><\/div>\n\n\n\n<h5 class=\"wp-block-heading\"><mark style=\"background-color:rgba(0, 0, 0, 0);color:#8ed1fc\" class=\"has-inline-color\">ABONNEMENT Membres Ami<\/mark><\/h5>\n\n\n\n<figure class=\"wp-block-table\"><table><thead><tr><th>Abonnement<\/th><th>Cotisation annuelle<\/th><\/tr><\/thead><tbody><tr><td>Membre Ami (individuel)<\/td><td>CHF 50.-<\/td><\/tr><\/tbody><\/table><\/figure>\n\n\n\n<div style=\"height:20px\" aria-hidden=\"true\" class=\"wp-block-spacer\"><\/div>\n\n\n\n<p><strong><mark style=\"background-color:rgba(0, 0, 0, 0);color:#8ed1fc\" class=\"has-inline-color\">R\u00c9DUCTION  ABONNEMENT<\/mark><\/strong><\/p>\n\n\n\n<p>R\u00e9duction &lsquo;unique&rsquo; sur un abonnement &lsquo;Actif Air&rsquo; ou &lsquo;Actif TECH&rsquo; si membre d&rsquo;un Club Partenaire = &#8211; CHF 40.-**<\/p>\n\n\n\n<hr class=\"wp-block-separator has-alpha-channel-opacity\"\/>\n\n\n\n<div style=\"height:31px\" aria-hidden=\"true\" class=\"wp-block-spacer\"><\/div>\n\n\n\n<ul class=\"wp-block-list\">\n<li class=\"has-small-font-size\">** La r<em>\u00e9duction Club Partenaire est unique et ne peux pas \u00eatre cumul\u00e9e, <\/em><br>et <em>ne s&rsquo;applique que 1x par abonnement individuel ou couple.<\/em><\/li>\n\n\n\n<li class=\"has-small-font-size\">*** La r\u00e9duction pour \u00e9tudiant est \u00e0 confirmer sur pr\u00e9sentation de la carte \u00e9tudiant. Limite \u00e2ge de 25ans.<\/li>\n<\/ul>\n\n\n\n<div style=\"height:100px\" aria-hidden=\"true\" class=\"wp-block-spacer\"><\/div>\n\n\n\n<hr class=\"wp-block-separator has-alpha-channel-opacity\"\/>\n\n\n\n<p class=\"has-pale-cyan-blue-color has-text-color has-link-color has-large-font-size wp-elements-142de8ebb9cfe72815f33dbc16355a50\">Modification de votre Cotisation ?<\/p>\n\n\n\n<p>Vous pouvez en tout temps modifier votre statuts de membre et votre cotisation en remplissant <a href=\"https:\/\/www.planetdiving.com\/site2\/club\/devenir-membre\/cotisation\/#modifier\" data-type=\"page\" data-id=\"2154\">ce formulaire<\/a>.<\/p>\n\n\n\n<div style=\"height:100px\" aria-hidden=\"true\" class=\"wp-block-spacer\"><\/div>\n","protected":false},"excerpt":{"rendered":"<p>Tout le monde peux devenir Membre \ud83d\ude03Il suffit de suivre 2 \u00e9tapes ci-dessous. Les Membres ont acc\u00e8s au Gonflage Air en illimit\u00e9 \u00e0 la borne ext\u00e9rieure, accessible 7j\/7 24h\/24, ou au Gonflage TECH autonome selon leur statut. Ils ont la possibilit\u00e9 de participer aux activit\u00e9s du Club et de suivre les cours de l&rsquo;Ecole. COMMENT [&hellip;]<\/p>\n","protected":false},"author":1,"featured_media":0,"parent":785,"menu_order":5,"comment_status":"closed","ping_status":"closed","template":"","meta":{"footnotes":""},"class_list":["post-794","page","type-page","status-publish","hentry"],"_links":{"self":[{"href":"https:\/\/www.planetdiving.com\/site2\/wp-json\/wp\/v2\/pages\/794","targetHints":{"allow":["GET"]}}],"collection":[{"href":"https:\/\/www.planetdiving.com\/site2\/wp-json\/wp\/v2\/pages"}],"about":[{"href":"https:\/\/www.planetdiving.com\/site2\/wp-json\/wp\/v2\/types\/page"}],"author":[{"embeddable":true,"href":"https:\/\/www.planetdiving.com\/site2\/wp-json\/wp\/v2\/users\/1"}],"replies":[{"embeddable":true,"href":"https:\/\/www.planetdiving.com\/site2\/wp-json\/wp\/v2\/comments?post=794"}],"version-history":[{"count":62,"href":"https:\/\/www.planetdiving.com\/site2\/wp-json\/wp\/v2\/pages\/794\/revisions"}],"predecessor-version":[{"id":2833,"href":"https:\/\/www.planetdiving.com\/site2\/wp-json\/wp\/v2\/pages\/794\/revisions\/2833"}],"up":[{"embeddable":true,"href":"https:\/\/www.planetdiving.com\/site2\/wp-json\/wp\/v2\/pages\/785"}],"wp:attachment":[{"href":"https:\/\/www.planetdiving.com\/site2\/wp-json\/wp\/v2\/media?parent=794"}],"curies":[{"name":"wp","href":"https:\/\/api.w.org\/{rel}","templated":true}]}}