{"id":791,"date":"2023-10-10T10:23:08","date_gmt":"2023-10-10T08:23:08","guid":{"rendered":"https:\/\/www.planetdiving.com\/site2\/?page_id=791"},"modified":"2025-06-15T07:38:52","modified_gmt":"2025-06-15T05:38:52","slug":"comite","status":"publish","type":"page","link":"https:\/\/www.planetdiving.com\/site2\/club\/comite\/","title":{"rendered":"Comit\u00e9"},"content":{"rendered":"\n<p>Contactez-nous par email : <a href=\"mailto:info@planetdiving.com\">info@planetdiving.com<\/a><\/p>\n\n\n\n<div style=\"height:22px\" aria-hidden=\"true\" class=\"wp-block-spacer\"><\/div>\n\n\n\n<hr class=\"wp-block-separator has-alpha-channel-opacity\"\/>\n\n\n\n<p>Organigramme <br>du Comit\u00e9 Planet Diving :<\/p>\n\n\n\n<figure data-wp-context=\"{&quot;imageId&quot;:&quot;69e042ee7b2e3&quot;}\" data-wp-interactive=\"core\/image\" data-wp-key=\"69e042ee7b2e3\" class=\"wp-block-image size-large wp-lightbox-container\"><img loading=\"lazy\" decoding=\"async\" width=\"1024\" height=\"669\" data-wp-class--hide=\"state.isContentHidden\" data-wp-class--show=\"state.isContentVisible\" data-wp-init=\"callbacks.setButtonStyles\" data-wp-on--click=\"actions.showLightbox\" data-wp-on--load=\"callbacks.setButtonStyles\" data-wp-on-window--resize=\"callbacks.setButtonStyles\" src=\"https:\/\/www.planetdiving.com\/site2\/wp-content\/uploads\/2025\/04\/Organigramme_Comite_2025-2026-1024x669.jpg\" alt=\"Organigramme Comit\u00e9 2025-2026\" class=\"wp-image-2186\" srcset=\"https:\/\/www.planetdiving.com\/site2\/wp-content\/uploads\/2025\/04\/Organigramme_Comite_2025-2026-1024x669.jpg 1024w, https:\/\/www.planetdiving.com\/site2\/wp-content\/uploads\/2025\/04\/Organigramme_Comite_2025-2026-300x196.jpg 300w, https:\/\/www.planetdiving.com\/site2\/wp-content\/uploads\/2025\/04\/Organigramme_Comite_2025-2026-768x501.jpg 768w, https:\/\/www.planetdiving.com\/site2\/wp-content\/uploads\/2025\/04\/Organigramme_Comite_2025-2026.jpg 1449w\" sizes=\"auto, (max-width: 1024px) 100vw, 1024px\" \/><button\n\t\t\tclass=\"lightbox-trigger\"\n\t\t\ttype=\"button\"\n\t\t\taria-haspopup=\"dialog\"\n\t\t\taria-label=\"Agrandir\"\n\t\t\tdata-wp-init=\"callbacks.initTriggerButton\"\n\t\t\tdata-wp-on--click=\"actions.showLightbox\"\n\t\t\tdata-wp-style--right=\"state.imageButtonRight\"\n\t\t\tdata-wp-style--top=\"state.imageButtonTop\"\n\t\t>\n\t\t\t<svg xmlns=\"http:\/\/www.w3.org\/2000\/svg\" width=\"12\" height=\"12\" fill=\"none\" viewBox=\"0 0 12 12\">\n\t\t\t\t<path fill=\"#fff\" d=\"M2 0a2 2 0 0 0-2 2v2h1.5V2a.5.5 0 0 1 .5-.5h2V0H2Zm2 10.5H2a.5.5 0 0 1-.5-.5V8H0v2a2 2 0 0 0 2 2h2v-1.5ZM8 12v-1.5h2a.5.5 0 0 0 .5-.5V8H12v2a2 2 0 0 1-2 2H8Zm2-12a2 2 0 0 1 2 2v2h-1.5V2a.5.5 0 0 0-.5-.5H8V0h2Z\" \/>\n\t\t\t<\/svg>\n\t\t<\/button><\/figure>\n\n\n\n<div class=\"wp-block-group has-background has-global-padding is-layout-constrained wp-block-group-is-layout-constrained\" style=\"background-color:#152a00\">\n<p class=\"has-light-green-cyan-color has-text-color has-link-color wp-elements-cffd5b6bed413d9d833cd70f08c9fdef\"><strong>Comit\u00e9 actuel<\/strong> 2025-2026<\/p>\n\n\n\n<h3 class=\"wp-block-heading\"><strong>Pr\u00e9sident<\/strong><\/h3>\n\n\n\n<div class=\"wp-block-group is-layout-flex wp-block-group-is-layout-flex\">\n<p><img decoding=\"async\" width=\"160px\" src=\"https:\/\/www.planetdiving.com\/site\/dynamic\/membres\/nicolas.jpg\" alt=\"\"><\/p>\n\n\n\n<p>Nicolas Roh<br>Fondateur<br>079 418 91 20<br><a href=\"mailto:nini@planetdiving.com\">nini@planetdiving.com<\/a><\/p>\n<\/div>\n\n\n\n<hr class=\"wp-block-separator has-alpha-channel-opacity is-style-dots\"\/>\n\n\n\n<h3 class=\"wp-block-heading\"><strong>Vice-Pr\u00e9sident<\/strong><\/h3>\n\n\n\n<div class=\"wp-block-group is-layout-flex wp-block-group-is-layout-flex\">\n<p><img decoding=\"async\" src=\"https:\/\/www.planetdiving.com\/site\/dynamic\/membres\/vdelafontaine.jpg\" alt=\"\" width=\"160px\"><\/p>\n\n\n\n<p>Valentin Delafontaine<br>079 765 18 02<br><a href=\"mailto:valentin@planetdiving.com\">valentin@planetdiving.com<\/a><\/p>\n<\/div>\n\n\n\n<hr class=\"wp-block-separator has-alpha-channel-opacity is-style-dots\"\/>\n\n\n\n<h3 class=\"wp-block-heading\"><strong>Finances<\/strong><\/h3>\n\n\n\n<div class=\"wp-block-group is-layout-flex wp-block-group-is-layout-flex\">\n<p><img decoding=\"async\" src=\"https:\/\/www.planetdiving.com\/site\/dynamic\/membres\/gallazm.jpg\" alt=\"\" width=\"160px\"><\/p>\n\n\n\n<p>Ma\u00eft\u00e9 Gallaz <br>079 464 52 02<br><a href=\"mailto:maite@planetdiving.com\">maite@planetdiving.com<\/a><br><\/p>\n<\/div>\n\n\n\n<hr class=\"wp-block-separator has-alpha-channel-opacity is-style-dots\"\/>\n\n\n\n<h3 class=\"wp-block-heading\">Secr\u00e9taire<\/h3>\n\n\n\n<div class=\"wp-block-group is-layout-flex wp-block-group-is-layout-flex\">\n<p><img decoding=\"async\" src=\"https:\/\/www.planetdiving.com\/site\/dynamic\/membres\/gallazm.jpg\" alt=\"\" width=\"160px\"><\/p>\n\n\n\n<p>Julien Deflassieux<br>079 725 84 68<br><a href=\"mailto:julien.deflassieux@planetdiving.com\">julien.deflassieux@planetdiving.com<\/a><br><\/p>\n<\/div>\n\n\n\n<hr class=\"wp-block-separator has-alpha-channel-opacity is-style-dots\"\/>\n\n\n\n<h3 class=\"wp-block-heading\"><strong>Assesseurs<\/strong><\/h3>\n\n\n\n<div class=\"wp-block-group is-layout-flex wp-block-group-is-layout-flex\">\n<p><img decoding=\"async\" src=\"https:\/\/www.planetdiving.com\/site\/dynamic\/membres\/cendrine.jpg\" alt=\"\" width=\"160px\"><\/p>\n\n\n\n<p>Cendrine Schwab<br>079 691 23 87<br><a href=\"mailto:cendrine@planetdiving.com\">cendrine@planetdiving.com<\/a><\/p>\n\n\n\n<p><\/p>\n<\/div>\n\n\n\n<div class=\"wp-block-group is-layout-flex wp-block-group-is-layout-flex\">\n<p><img decoding=\"async\" width=\"160px\" src=\"https:\/\/www.planetdiving.com\/site\/dynamic\/membres\/nadette.jpg\" alt=\"\"><\/p>\n\n\n\n<p>Nadette Challandes<br><a href=\"mailto:info@planetdiving.com\">info@planetdiving.com<\/a><\/p>\n\n\n\n<p><\/p>\n<\/div>\n\n\n\n<div class=\"wp-block-group is-layout-flex wp-block-group-is-layout-flex\">\n<p><img decoding=\"async\" width=\"160px\" src=\"https:\/\/www.planetdiving.com\/site\/dynamic\/membres\/bakou.jpg\" alt=\"\"><\/p>\n\n\n\n<p>Claude Ruchti<br>079 334 72 18<br><a href=\"mailto:claude@planetdiving.com\">claude@planetdiving.com<\/a><\/p>\n<\/div>\n\n\n\n<hr class=\"wp-block-separator has-alpha-channel-opacity is-style-dots\"\/>\n\n\n\n<h3 class=\"wp-block-heading\"><strong>Activit\u00e9s Club<\/strong><\/h3>\n\n\n\n<div class=\"wp-block-group is-layout-flex wp-block-group-is-layout-flex\">\n<p><img decoding=\"async\" src=\"https:\/\/www.planetdiving.com\/site\/dynamic\/membres\/jess02.jpg\" alt=\"\" width=\"160px\"><\/p>\n\n\n\n<p>Jessica Bessancet<br>079 661 92 17<br><a href=\"mailto:jessica@planetdiving.com\">jessica@planetdiving.com<\/a><\/p>\n<\/div>\n\n\n\n<hr class=\"wp-block-separator has-alpha-channel-opacity is-style-dots\"\/>\n\n\n\n<h3 class=\"wp-block-heading\"><strong>\u00c9cole<\/strong><\/h3>\n\n\n\n<div class=\"wp-block-group is-layout-flex wp-block-group-is-layout-flex\">\n<p><img decoding=\"async\" src=\"https:\/\/www.planetdiving.com\/site\/dynamic\/membres\/david.masci.jpg\" alt=\"\" width=\"160px\"><\/p>\n\n\n\n<p>David Masci<br>078 748 86 56<br><a href=\"mailto:david.masci@planetdiving.com\">david.masci@planetdiving.com<\/a><\/p>\n<\/div>\n\n\n\n<hr class=\"wp-block-separator has-alpha-channel-opacity is-style-dots\"\/>\n\n\n\n<h3 class=\"wp-block-heading\"><strong>Logistique<\/strong><\/h3>\n\n\n\n<div class=\"wp-block-group is-layout-flex wp-block-group-is-layout-flex\">\n<p><img decoding=\"async\" src=\"https:\/\/www.planetdiving.com\/site\/dynamic\/membres\/cyril.jpg\" alt=\"\" width=\"160px\"><\/p>\n\n\n\n<p>Cyril Aubry<br>Fondateur<br>079 219 49 49<br><a href=\"mailto:cyril@planetdiving.com\">cyril@planetdiving.com<\/a><\/p>\n<\/div>\n\n\n\n<hr class=\"wp-block-separator has-alpha-channel-opacity is-style-dots\"\/>\n<\/div>\n\n\n\n<div style=\"height:28px\" aria-hidden=\"true\" class=\"wp-block-spacer\"><\/div>\n\n\n\n<div class=\"wp-block-group has-background has-global-padding is-layout-constrained wp-container-core-group-is-layout-ff778368 wp-block-group-is-layout-constrained\" style=\"background-color:#002139;padding-right:var(--wp--preset--spacing--30);padding-left:var(--wp--preset--spacing--30)\">\n<p class=\"has-pale-cyan-blue-color has-text-color has-link-color wp-elements-3f5292db31a04fc91fbaadf5dbcb6545\"><strong>Staff<\/strong><\/p>\n\n\n\n<h3 class=\"wp-block-heading\">Compresseur<\/h3>\n\n\n\n<div class=\"wp-block-group is-layout-flex wp-block-group-is-layout-flex\">\n<p><img decoding=\"async\" src=\"https:\/\/www.planetdiving.com\/site\/dynamic\/membres\/thierry.feit.jpg\" alt=\"\" width=\"160px\"><\/p>\n\n\n\n<p>Thierry Feitknecht<br>078 765 35 72<br><a href=\"mailto:thierry.feit@planetdiving.com\">thierry.feit@planetdiving.com<\/a><\/p>\n<\/div>\n\n\n\n<hr class=\"wp-block-separator has-alpha-channel-opacity is-style-dots\"\/>\n\n\n\n<div style=\"height:22px\" aria-hidden=\"true\" class=\"wp-block-spacer\"><\/div>\n<\/div>\n\n\n\n<div style=\"height:28px\" aria-hidden=\"true\" class=\"wp-block-spacer\"><\/div>\n\n\n\n<div class=\"wp-block-group has-background has-global-padding is-layout-constrained wp-container-core-group-is-layout-ff778368 wp-block-group-is-layout-constrained\" style=\"background-color:#002e4f;padding-right:var(--wp--preset--spacing--30);padding-left:var(--wp--preset--spacing--30)\">\n<p class=\"has-pale-cyan-blue-color has-text-color has-link-color wp-elements-975b713d671c07004d448f3a344c6047\"><strong>La Fondation<\/strong><\/p>\n\n\n\n<p><mark style=\"background-color:rgba(0, 0, 0, 0);color:#b7e1ff\" class=\"has-inline-color\">Liste des Membres Fondateurs<\/mark><br><mark style=\"background-color:rgba(0, 0, 0, 0);color:#b7e1ff\" class=\"has-inline-color\">(par ordre alphab\u00e9tique) :<\/mark><\/p>\n\n\n\n<div class=\"wp-block-group has-global-padding is-content-justification-left is-layout-constrained wp-container-core-group-is-layout-0f7bcf23 wp-block-group-is-layout-constrained\" style=\"padding-right:var(--wp--preset--spacing--30);padding-left:var(--wp--preset--spacing--30)\">\n<p>C\u00e9dric Aubry<\/p>\n\n\n\n<p>Cyril Aubry<\/p>\n\n\n\n<p>Daniel Von Gunten<\/p>\n\n\n\n<p>David Chenaux<\/p>\n\n\n\n<p>Fabrice Chenaux<\/p>\n\n\n\n<p>Nicolas Roh<\/p>\n\n\n\n<p>Serge Aubry <sup><sub><mark style=\"background-color:rgba(0, 0, 0, 0);color:#4d9eff\" class=\"has-inline-color\">\u2020 2023<\/mark><\/sub><\/sup><br><\/p>\n<\/div>\n\n\n\n<hr class=\"wp-block-separator has-alpha-channel-opacity is-style-dots\"\/>\n\n\n\n<div style=\"height:22px;width:0px\" aria-hidden=\"true\" class=\"wp-block-spacer\"><\/div>\n<\/div>\n\n\n\n<hr class=\"wp-block-separator has-alpha-channel-opacity is-style-wide\" style=\"margin-top:0;margin-bottom:0\"\/>\n\n\n\n<div style=\"height:555px\" aria-hidden=\"true\" class=\"wp-block-spacer\"><\/div>\n\n\n\n<div class=\"wp-block-group has-background has-global-padding is-layout-constrained wp-block-group-is-layout-constrained\" style=\"background-color:#2c0000\">\n<p class=\"has-vivid-red-color has-text-color has-link-color wp-elements-57382f3376d17a6c94032dfda4230762\"><strong>Archives<\/strong><br>Comit\u00e9 2018-2023<\/p>\n\n\n\n<h3 class=\"wp-block-heading\">Pr\u00e9sidente<\/h3>\n\n\n\n<div class=\"wp-block-group is-layout-flex wp-block-group-is-layout-flex\">\n<p><img decoding=\"async\" src=\"https:\/\/www.planetdiving.com\/site\/dynamic\/membres\/mbuchs.jpg\" alt=\"\" width=\"160px\"><\/p>\n\n\n\n<p>Myriam Buchs<br>078 609 86 89<br><a href=\"mailto:myriam@planetdiving.com\">myriam@planetdiving.com<\/a><\/p>\n<\/div>\n\n\n\n<hr class=\"wp-block-separator has-alpha-channel-opacity is-style-dots\"\/>\n\n\n\n<h3 class=\"wp-block-heading\">Vice-Pr\u00e9sident<\/h3>\n\n\n\n<div class=\"wp-block-group is-layout-flex wp-block-group-is-layout-flex\">\n<p><img decoding=\"async\" src=\"https:\/\/www.planetdiving.com\/site\/dynamic\/membres\/Philou.jpg\" alt=\"\" width=\"160px\"><\/p>\n\n\n\n<p>Philippe Berger<br>078 613 63 70<br><a href=\"mailto:philou@planetdiving.com\">philou@planetdiving.com<\/a><\/p>\n<\/div>\n\n\n\n<hr class=\"wp-block-separator has-alpha-channel-opacity is-style-dots\"\/>\n\n\n\n<h3 class=\"wp-block-heading\">Mat\u00e9riel<\/h3>\n\n\n\n<div class=\"wp-block-group is-layout-flex wp-block-group-is-layout-flex\">\n<p><img decoding=\"async\" src=\"https:\/\/www.planetdiving.com\/site\/dynamic\/membres\/nicolas.jpg\" alt=\"\" width=\"160px\"><\/p>\n\n\n\n<p>Nicolas Roh<br>079 418 91 20<br><a href=\"mailto:nini@planetdiving.com\">nini@planetdiving.com<\/a><\/p>\n<\/div>\n\n\n\n<hr class=\"wp-block-separator has-alpha-channel-opacity is-style-dots\"\/>\n\n\n\n<h3 class=\"wp-block-heading\">Finances<\/h3>\n\n\n\n<div class=\"wp-block-group is-layout-flex wp-block-group-is-layout-flex\">\n<p><img decoding=\"async\" src=\"https:\/\/www.planetdiving.com\/site\/dynamic\/membres\/sylvain.jpg\" alt=\"\" width=\"160px\"><\/p>\n\n\n\n<p>Sylvain Brossin <a href=\"mailto:info@planetdiving.com\">info@planetdiving.com<\/a><br><\/p>\n<\/div>\n\n\n\n<hr class=\"wp-block-separator has-alpha-channel-opacity is-style-dots\"\/>\n\n\n\n<h3 class=\"wp-block-heading\">Secr\u00e9taire<\/h3>\n\n\n\n<div class=\"wp-block-group is-layout-flex wp-block-group-is-layout-flex\">\n<p><img decoding=\"async\" src=\"https:\/\/www.planetdiving.com\/site\/dynamic\/membres\/nadette.jpg\" alt=\"\" width=\"160px\"><\/p>\n\n\n\n<p>Nadette Challandes <a href=\"mailto:info@planetdiving.com\">info@planetdiving.com<\/a><\/p>\n<\/div>\n\n\n\n<hr class=\"wp-block-separator has-alpha-channel-opacity is-style-dots\"\/>\n\n\n\n<h3 class=\"wp-block-heading\">Compresseur<\/h3>\n\n\n\n<div class=\"wp-block-group is-layout-flex wp-block-group-is-layout-flex\">\n<p><img decoding=\"async\" src=\"https:\/\/www.planetdiving.com\/site\/dynamic\/membres\/thierry.feit.jpg\" alt=\"\" width=\"160px\"><\/p>\n\n\n\n<p>Thierry Feitknecht<br>078 765 35 72<br><a href=\"mailto:thierry.feit@planetdiving.com\">thierry.feit@planetdiving.com<\/a><\/p>\n<\/div>\n\n\n\n<hr class=\"wp-block-separator has-alpha-channel-opacity is-style-dots\"\/>\n\n\n\n<h3 class=\"wp-block-heading\">Activit\u00e9s Club<\/h3>\n\n\n\n<div class=\"wp-block-group is-layout-flex wp-block-group-is-layout-flex\">\n<p><img decoding=\"async\" src=\"https:\/\/www.planetdiving.com\/site\/dynamic\/membres\/cendrine.jpg\" alt=\"\" width=\"160px\"><\/p>\n\n\n\n<p>Cendrine Schwab<br>079 691 23 87<br><a href=\"mailto:cendrine@planetdiving.com\">cendrine@planetdiving.com<\/a><\/p>\n<\/div>\n\n\n\n<hr class=\"wp-block-separator has-alpha-channel-opacity is-style-dots\"\/>\n\n\n\n<h3 class=\"wp-block-heading\">Activit\u00e9s Plong\u00e9e<\/h3>\n\n\n\n<div class=\"wp-block-group is-layout-flex wp-block-group-is-layout-flex\">\n<p><img decoding=\"async\" src=\"https:\/\/www.planetdiving.com\/site\/dynamic\/membres\/cecile.jpg\" alt=\"\" width=\"160px\"><\/p>\n\n\n\n<p><em>poste vacant<\/em><\/p>\n<\/div>\n\n\n\n<hr class=\"wp-block-separator has-alpha-channel-opacity is-style-dots\"\/>\n\n\n\n<h3 class=\"wp-block-heading\">\u00c9cole<\/h3>\n\n\n\n<div class=\"wp-block-group is-layout-flex wp-block-group-is-layout-flex\">\n<p><img decoding=\"async\" src=\"https:\/\/www.planetdiving.com\/site\/dynamic\/membres\/david.masci.jpg\" alt=\"\" width=\"160px\"><\/p>\n\n\n\n<p>David Masci<br>078 748 86 56<br><a href=\"mailto:david.masci@planetdiving.com\">david.masci@planetdiving.com<\/a><\/p>\n<\/div>\n\n\n\n<hr class=\"wp-block-separator has-alpha-channel-opacity is-style-dots\"\/>\n\n\n\n<h3 class=\"wp-block-heading\">Logistique<\/h3>\n\n\n\n<div class=\"wp-block-group is-layout-flex wp-block-group-is-layout-flex\">\n<p><img decoding=\"async\" src=\"https:\/\/www.planetdiving.com\/site\/dynamic\/membres\/cyril.jpg\" alt=\"\" width=\"160px\"><\/p>\n\n\n\n<p>Cyril Aubry<br>079 219 49 49<br><a href=\"mailto:cyril@planetdiving.com\">cyril@planetdiving.com<\/a><\/p>\n<\/div>\n\n\n\n<hr class=\"wp-block-separator has-alpha-channel-opacity is-style-dots\"\/>\n<\/div>\n\n\n\n<div style=\"height:157px\" aria-hidden=\"true\" class=\"wp-block-spacer\"><\/div>\n\n\n\n<blockquote class=\"wp-block-quote is-layout-flow wp-block-quote-is-layout-flow\">\n<p>(i) Voir les <a href=\"https:\/\/www.planetdiving.com\/club\/staff\/staff-archives.htm\" target=\"_blank\" rel=\"noreferrer noopener nofollow\">archives du Comit\u00e9<\/a><\/p>\n<\/blockquote>\n\n\n\n<div style=\"height:100px\" aria-hidden=\"true\" class=\"wp-block-spacer\"><\/div>\n","protected":false},"excerpt":{"rendered":"<p>Contactez-nous par email : info@planetdiving.com Organigramme du Comit\u00e9 Planet Diving : Comit\u00e9 actuel 2025-2026 Pr\u00e9sident Nicolas RohFondateur079 418 91 20nini@planetdiving.com Vice-Pr\u00e9sident Valentin Delafontaine079 765 18 02valentin@planetdiving.com Finances Ma\u00eft\u00e9 Gallaz 079 464 52 02maite@planetdiving.com Secr\u00e9taire Julien Deflassieux079 725 84 68julien.deflassieux@planetdiving.com Assesseurs Cendrine Schwab079 691 23 87cendrine@planetdiving.com Nadette Challandesinfo@planetdiving.com Claude Ruchti079 334 72 18claude@planetdiving.com Activit\u00e9s Club Jessica [&hellip;]<\/p>\n","protected":false},"author":1,"featured_media":0,"parent":785,"menu_order":4,"comment_status":"closed","ping_status":"closed","template":"","meta":{"footnotes":""},"class_list":["post-791","page","type-page","status-publish","hentry"],"_links":{"self":[{"href":"https:\/\/www.planetdiving.com\/site2\/wp-json\/wp\/v2\/pages\/791","targetHints":{"allow":["GET"]}}],"collection":[{"href":"https:\/\/www.planetdiving.com\/site2\/wp-json\/wp\/v2\/pages"}],"about":[{"href":"https:\/\/www.planetdiving.com\/site2\/wp-json\/wp\/v2\/types\/page"}],"author":[{"embeddable":true,"href":"https:\/\/www.planetdiving.com\/site2\/wp-json\/wp\/v2\/users\/1"}],"replies":[{"embeddable":true,"href":"https:\/\/www.planetdiving.com\/site2\/wp-json\/wp\/v2\/comments?post=791"}],"version-history":[{"count":57,"href":"https:\/\/www.planetdiving.com\/site2\/wp-json\/wp\/v2\/pages\/791\/revisions"}],"predecessor-version":[{"id":2302,"href":"https:\/\/www.planetdiving.com\/site2\/wp-json\/wp\/v2\/pages\/791\/revisions\/2302"}],"up":[{"embeddable":true,"href":"https:\/\/www.planetdiving.com\/site2\/wp-json\/wp\/v2\/pages\/785"}],"wp:attachment":[{"href":"https:\/\/www.planetdiving.com\/site2\/wp-json\/wp\/v2\/media?parent=791"}],"curies":[{"name":"wp","href":"https:\/\/api.w.org\/{rel}","templated":true}]}}