{"id":789,"date":"2023-10-10T10:15:15","date_gmt":"2023-10-10T08:15:15","guid":{"rendered":"https:\/\/www.planetdiving.com\/site2\/?page_id=789"},"modified":"2025-07-29T10:42:12","modified_gmt":"2025-07-29T08:42:12","slug":"materiel","status":"publish","type":"page","link":"https:\/\/www.planetdiving.com\/site2\/club\/materiel\/","title":{"rendered":"Mat\u00e9riel"},"content":{"rendered":"\n<div style=\"height:15px\" aria-hidden=\"true\" class=\"wp-block-spacer\"><\/div>\n\n\n\n<p>La<strong> location de mat\u00e9riel<\/strong> de plong\u00e9e est disponible uniquement pour les <a href=\"https:\/\/www.planetdiving.com\/site2\/club\/devenir-membre\/\" data-type=\"page\" data-id=\"794\">membres du club<\/a>.<br>R\u00e9servation aupr\u00e8s du <a href=\"https:\/\/www.planetdiving.com\/site2\/club\/comite\/\" data-type=\"page\" data-id=\"791\">staff<\/a> ou d&rsquo;un <a href=\"https:\/\/www.planetdiving.com\/site\/ecole.instructeurs.php\">instructeur<\/a>  et sous r\u00e9serve de disponibilit\u00e9 pour l&rsquo;\u00e9cole.<\/p>\n\n\n\n<figure class=\"wp-block-table is-style-regular\"><table class=\"has-background\" style=\"background-color:#8dd2fc9e\"><thead><tr><th class=\"has-text-align-left\" data-align=\"left\">Cat\u00e9gories<\/th><th class=\"has-text-align-center\" data-align=\"center\"><strong>Membre Actif<\/strong><br>Prix \/ jour<\/th><\/tr><\/thead><tbody><tr><td class=\"has-text-align-left\" data-align=\"left\"><strong>Station de Gonflage<\/strong><\/td><td class=\"has-text-align-center\" data-align=\"center\">inclus<\/td><\/tr><tr><td class=\"has-text-align-left\" data-align=\"left\"><strong>Offre Membre, Plong\u00e9e Club:<br>\u00c9quipement complet<\/strong> (sauf combinaison \u00e9tanche)<\/td><td class=\"has-text-align-center\" data-align=\"center\">10.-<\/td><\/tr><tr><td class=\"has-text-align-left\" data-align=\"left\"><strong>Offre Membre, Hors Plong\u00e9e Club:<br>\u00c9quipement complet<\/strong> (sauf combinaison \u00e9tanche)<\/td><td class=\"has-text-align-center\" data-align=\"center\">20.-<\/td><\/tr><tr><td class=\"has-text-align-left\" data-align=\"left\"><strong>Combinaison \u00e9tanche<\/strong><\/td><td class=\"has-text-align-center\" data-align=\"center\">20.-<\/td><\/tr><tr><td class=\"has-text-align-left\" data-align=\"left\"><strong>Combinaison<\/strong><\/td><td class=\"has-text-align-center\" data-align=\"center\">10.-<\/td><\/tr><tr><td class=\"has-text-align-left\" data-align=\"left\"><strong>D\u00e9tendeur<\/strong><\/td><td class=\"has-text-align-center\" data-align=\"center\">10.-<\/td><\/tr><tr><td class=\"has-text-align-left\" data-align=\"left\"><strong>Stab<\/strong><\/td><td class=\"has-text-align-center\" data-align=\"center\">10.-<\/td><\/tr><tr><td class=\"has-text-align-left\" data-align=\"left\"><strong>Bouteille<\/strong> (gonfle \u00e0 l&rsquo;air)<\/td><td class=\"has-text-align-center\" data-align=\"center\">10.-<\/td><\/tr><tr><td class=\"has-text-align-left\" data-align=\"left\"><strong>Plomb<\/strong><\/td><td class=\"has-text-align-center\" data-align=\"center\">gratuit<\/td><\/tr><tr><td class=\"has-text-align-left\" data-align=\"left\"><strong>Autre petit mat\u00e9riel<\/strong> (palmes, boot, masque, tubas, gants)<\/td><td class=\"has-text-align-center\" data-align=\"center\">gratuit<\/td><\/tr><\/tbody><\/table><figcaption class=\"wp-element-caption\">Tarif de location (CHF)<\/figcaption><\/figure>\n\n\n\n<div style=\"height:15px\" aria-hidden=\"true\" class=\"wp-block-spacer\"><\/div>\n\n\n\n<p><strong>Conditions &amp; d\u00e9tails&nbsp; :&nbsp;&nbsp;&nbsp;<\/strong><\/p>\n\n\n\n<p><em>L&rsquo;\u00e9cole est prioritaire sur la location. Merci de se renseigner.<\/em> <em>Le mat\u00e9riel de plong\u00e9e est \u00e0 louer selon les disponibilit\u00e9s<\/em>.<br><em>Utilisation pour des plong\u00e9es en lac uniquement !<\/em><\/p>\n\n\n\n<hr class=\"wp-block-separator has-alpha-channel-opacity\"\/>\n\n\n\n<p><strong>Pour r\u00e9server du mat\u00e9riel :<\/strong><br>Adressez vous aux membres Staff <br>ou \u00e0 un Instructeur<br>ou \u00e0 notre hotline +41 76 496 16 50<\/p>\n\n\n\n<hr class=\"wp-block-separator has-alpha-channel-opacity\"\/>\n\n\n\n<p><strong>Paiement Cashless uniqument <\/strong>!<br>Ajout de la location sur Ticket Membre, payable par :<br>&#8211; Twint au 079 496 16 50<br>&#8211; Cartes de D\u00e9bit ou Cr\u00e9dit <br>&#8211; ou avec la cotisation annuelle<\/p>\n\n\n\n<hr class=\"wp-block-separator has-alpha-channel-opacity\"\/>\n","protected":false},"excerpt":{"rendered":"<p>La location de mat\u00e9riel de plong\u00e9e est disponible uniquement pour les membres du club.R\u00e9servation aupr\u00e8s du staff ou d&rsquo;un instructeur et sous r\u00e9serve de disponibilit\u00e9 pour l&rsquo;\u00e9cole. Cat\u00e9gories Membre ActifPrix \/ jour Station de Gonflage inclus Offre Membre, Plong\u00e9e Club:\u00c9quipement complet (sauf combinaison \u00e9tanche) 10.- Offre Membre, Hors Plong\u00e9e Club:\u00c9quipement complet (sauf combinaison \u00e9tanche) 20.- [&hellip;]<\/p>\n","protected":false},"author":1,"featured_media":0,"parent":785,"menu_order":3,"comment_status":"open","ping_status":"closed","template":"","meta":{"footnotes":""},"class_list":["post-789","page","type-page","status-publish","hentry"],"_links":{"self":[{"href":"https:\/\/www.planetdiving.com\/site2\/wp-json\/wp\/v2\/pages\/789","targetHints":{"allow":["GET"]}}],"collection":[{"href":"https:\/\/www.planetdiving.com\/site2\/wp-json\/wp\/v2\/pages"}],"about":[{"href":"https:\/\/www.planetdiving.com\/site2\/wp-json\/wp\/v2\/types\/page"}],"author":[{"embeddable":true,"href":"https:\/\/www.planetdiving.com\/site2\/wp-json\/wp\/v2\/users\/1"}],"replies":[{"embeddable":true,"href":"https:\/\/www.planetdiving.com\/site2\/wp-json\/wp\/v2\/comments?post=789"}],"version-history":[{"count":16,"href":"https:\/\/www.planetdiving.com\/site2\/wp-json\/wp\/v2\/pages\/789\/revisions"}],"predecessor-version":[{"id":2334,"href":"https:\/\/www.planetdiving.com\/site2\/wp-json\/wp\/v2\/pages\/789\/revisions\/2334"}],"up":[{"embeddable":true,"href":"https:\/\/www.planetdiving.com\/site2\/wp-json\/wp\/v2\/pages\/785"}],"wp:attachment":[{"href":"https:\/\/www.planetdiving.com\/site2\/wp-json\/wp\/v2\/media?parent=789"}],"curies":[{"name":"wp","href":"https:\/\/api.w.org\/{rel}","templated":true}]}}