{"id":787,"date":"2023-10-10T10:13:17","date_gmt":"2023-10-10T08:13:17","guid":{"rendered":"https:\/\/www.planetdiving.com\/site2\/?page_id=787"},"modified":"2026-02-11T16:41:01","modified_gmt":"2026-02-11T15:41:01","slug":"station-de-gonflage","status":"publish","type":"page","link":"https:\/\/www.planetdiving.com\/site2\/club\/station-de-gonflage\/","title":{"rendered":"Station de gonflage"},"content":{"rendered":"\n<div style=\"height:61px\" aria-hidden=\"true\" class=\"wp-block-spacer\"><\/div>\n\n\n\n<p>Notre station de gonflage AIR &amp; <a href=\"https:\/\/www.planetdiving.com\/site2\/tech\/\" data-type=\"page\" data-id=\"1120\">TECH<\/a> est \u00e9quip\u00e9e d&rsquo;un compresseur COLTRI, ainsi d&rsquo;un local technique dot\u00e9 d&rsquo;un surpresseur, d&rsquo;H\u00e9lium et d&rsquo;Oxyg\u00e8ne.<br><br>Nos \u00e9quipements <a href=\"https:\/\/www.planetdiving.com\/site2\/tech\/\" data-type=\"page\" data-id=\"1120\">TECH<\/a> blender sont de derni\u00e8re g\u00e9n\u00e9ration. Le local technique a \u00e9t\u00e9 compl\u00e8tement refait en 2023.<br><br>Une borne de gonflage, 230 bars et 300 bars, est accessible 24h\/24h et 7j\/7j.<br>Elle se trouve \u00e0 l&rsquo;ext\u00e9rieur du b\u00e2timent, et s&rsquo;ouvre avec un code pour les membres.<br>Une place de parc est \u00e0 disposition devant la borne.<\/p>\n\n\n\n<p><a href=\"https:\/\/www.planetdiving.com\/site2\/club\/contact\/\" data-type=\"page\" data-id=\"775\">Voir sa localisation<\/a><\/p>\n\n\n\n<div style=\"height:100px\" aria-hidden=\"true\" class=\"wp-block-spacer\"><\/div>\n","protected":false},"excerpt":{"rendered":"<p>Notre station de gonflage AIR &amp; TECH est \u00e9quip\u00e9e d&rsquo;un compresseur COLTRI, ainsi d&rsquo;un local technique dot\u00e9 d&rsquo;un surpresseur, d&rsquo;H\u00e9lium et d&rsquo;Oxyg\u00e8ne. Nos \u00e9quipements TECH blender sont de derni\u00e8re g\u00e9n\u00e9ration. Le local technique a \u00e9t\u00e9 compl\u00e8tement refait en 2023. Une borne de gonflage, 230 bars et 300 bars, est accessible 24h\/24h et 7j\/7j.Elle se trouve [&hellip;]<\/p>\n","protected":false},"author":1,"featured_media":0,"parent":785,"menu_order":2,"comment_status":"open","ping_status":"closed","template":"","meta":{"footnotes":""},"class_list":["post-787","page","type-page","status-publish","hentry"],"_links":{"self":[{"href":"https:\/\/www.planetdiving.com\/site2\/wp-json\/wp\/v2\/pages\/787","targetHints":{"allow":["GET"]}}],"collection":[{"href":"https:\/\/www.planetdiving.com\/site2\/wp-json\/wp\/v2\/pages"}],"about":[{"href":"https:\/\/www.planetdiving.com\/site2\/wp-json\/wp\/v2\/types\/page"}],"author":[{"embeddable":true,"href":"https:\/\/www.planetdiving.com\/site2\/wp-json\/wp\/v2\/users\/1"}],"replies":[{"embeddable":true,"href":"https:\/\/www.planetdiving.com\/site2\/wp-json\/wp\/v2\/comments?post=787"}],"version-history":[{"count":8,"href":"https:\/\/www.planetdiving.com\/site2\/wp-json\/wp\/v2\/pages\/787\/revisions"}],"predecessor-version":[{"id":2640,"href":"https:\/\/www.planetdiving.com\/site2\/wp-json\/wp\/v2\/pages\/787\/revisions\/2640"}],"up":[{"embeddable":true,"href":"https:\/\/www.planetdiving.com\/site2\/wp-json\/wp\/v2\/pages\/785"}],"wp:attachment":[{"href":"https:\/\/www.planetdiving.com\/site2\/wp-json\/wp\/v2\/media?parent=787"}],"curies":[{"name":"wp","href":"https:\/\/api.w.org\/{rel}","templated":true}]}}