{"id":1092,"date":"2023-10-11T16:57:10","date_gmt":"2023-10-11T14:57:10","guid":{"rendered":"https:\/\/www.planetdiving.com\/site2\/?page_id=1092"},"modified":"2023-10-11T17:37:12","modified_gmt":"2023-10-11T15:37:12","slug":"instructeurs","status":"publish","type":"page","link":"https:\/\/www.planetdiving.com\/site2\/ecole\/instructeurs\/","title":{"rendered":"INSTRUCTEURS"},"content":{"rendered":"\n<h5 class=\"wp-block-heading\" id=\"instructeurs\">INSTRUCTEURS &#8211; \u00c9COLE PLANET DIVING<\/h5>\n\n\n\n<p>A Planet Diving nous formons des plongeurs dans les standards stricts des associations que nous repr\u00e9sentons:&nbsp;<a href=\"https:\/\/www.planetdiving.com\/site2\/ecole\/cours-padi\/\" data-type=\"page\" data-id=\"1011\">PADI<\/a>&nbsp;&#8211;&nbsp;<a href=\"https:\/\/www.planetdiving.com\/site2\/ecole\/cours-cmas\/\" data-type=\"page\" data-id=\"1018\">CMAS<\/a>&nbsp;&#8211;&nbsp;<a href=\"https:\/\/www.planetdiving.com\/site2\/ecole\/cours-tdi\/\" data-type=\"page\" data-id=\"1022\">TDI<\/a>.<\/p>\n\n\n\n<p>Les instructeurs exp\u00e9riment\u00e9s de Planet Diving t&rsquo;enseigneront avec passion les r\u00e8gles de la plong\u00e9e sous-marine afin que tu deviennes un plongeur ind\u00e9pendant et que tu puisses \u00e9galement d\u00e9couvrir et profiter de nouvelles sensations en toute s\u00e9curit\u00e9.<\/p>\n\n\n\n<p>La formation continue est un \u00e9l\u00e9ment important et nos instructeurs se feront un plaisir de poursuivre avec toi cette fantastique aventure sous-marine. Toutes nos formations se terminent par une certification reconnue mondialement.<\/p>\n\n\n\n<p>N&rsquo;h\u00e9site pas \u00e0 nous contacter pour tout renseignement:&nbsp;<a href=\"mailto:info@planetdiving.com\">info@planetdiving.com<\/a><\/p>\n","protected":false},"excerpt":{"rendered":"","protected":false},"author":1,"featured_media":0,"parent":1025,"menu_order":6,"comment_status":"closed","ping_status":"closed","template":"","meta":{"footnotes":""},"class_list":["post-1092","page","type-page","status-publish","hentry"],"_links":{"self":[{"href":"https:\/\/www.planetdiving.com\/site2\/wp-json\/wp\/v2\/pages\/1092","targetHints":{"allow":["GET"]}}],"collection":[{"href":"https:\/\/www.planetdiving.com\/site2\/wp-json\/wp\/v2\/pages"}],"about":[{"href":"https:\/\/www.planetdiving.com\/site2\/wp-json\/wp\/v2\/types\/page"}],"author":[{"embeddable":true,"href":"https:\/\/www.planetdiving.com\/site2\/wp-json\/wp\/v2\/users\/1"}],"replies":[{"embeddable":true,"href":"https:\/\/www.planetdiving.com\/site2\/wp-json\/wp\/v2\/comments?post=1092"}],"version-history":[{"count":2,"href":"https:\/\/www.planetdiving.com\/site2\/wp-json\/wp\/v2\/pages\/1092\/revisions"}],"predecessor-version":[{"id":1125,"href":"https:\/\/www.planetdiving.com\/site2\/wp-json\/wp\/v2\/pages\/1092\/revisions\/1125"}],"up":[{"embeddable":true,"href":"https:\/\/www.planetdiving.com\/site2\/wp-json\/wp\/v2\/pages\/1025"}],"wp:attachment":[{"href":"https:\/\/www.planetdiving.com\/site2\/wp-json\/wp\/v2\/media?parent=1092"}],"curies":[{"name":"wp","href":"https:\/\/api.w.org\/{rel}","templated":true}]}}