{"id":1082,"date":"2023-10-11T16:41:52","date_gmt":"2023-10-11T14:41:52","guid":{"rendered":"https:\/\/www.planetdiving.com\/site2\/?page_id=1082"},"modified":"2023-10-11T17:20:34","modified_gmt":"2023-10-11T15:20:34","slug":"tdi-recreational-trimix","status":"publish","type":"page","link":"https:\/\/www.planetdiving.com\/site2\/ecole\/cours-tdi\/tdi-recreational-trimix\/","title":{"rendered":"TDI RECREATIONAL TRIMIX"},"content":{"rendered":"\n<figure class=\"wp-block-image size-full\"><img loading=\"lazy\" decoding=\"async\" width=\"150\" height=\"150\" src=\"https:\/\/www.planetdiving.com\/site2\/wp-content\/uploads\/2023\/10\/tdi_150.png\" alt=\"TDI\" class=\"wp-image-1023\"\/><\/figure>\n\n\n\n<h3 class=\"wp-block-heading\">TDI RECREATIONAL TRIMIX<\/h3>\n\n\n\n<p>Ce cours familiarise les \u00e9l\u00e8ves avec les techniques de plong\u00e9es au trimix avec des m\u00e9langes contenant&nbsp;<strong>au maximum 30% d&rsquo;h\u00e9lium<\/strong>. Le trimix repr\u00e9sente le gaz respirable du plongeur profond par excellence. Il ouvre la porte des espaces lointains.<\/p>\n\n\n\n<p>Il permet d&rsquo;apporter au plongeur une compr\u00e9hension claire des aspects physiques et physiologiques des gaz, la planification des plong\u00e9es, l&rsquo;\u00e9valuation des risques, les choix et la configuration de l&rsquo;\u00e9quipement, la planification de secours, la d\u00e9compression acc\u00e9l\u00e9r\u00e9e et l&rsquo;appui de surface.<\/p>\n\n\n\n<p>Ton cours termin\u00e9 ainsi que l&rsquo;examen th\u00e9orique pass\u00e9, l&rsquo;obtention de ton brevet te permettra de plonger jusqu&rsquo;\u00e0&nbsp;<strong>50 m\u00e8tres<\/strong>&nbsp;avec un m\u00e9lange contenant au&nbsp;<strong>maximum 30% d&rsquo;h\u00e9lium<\/strong>.<\/p>\n\n\n\n<h5 class=\"wp-block-heading\">MAT\u00c9RIEL<\/h5>\n\n\n\n<p><em>Il est n\u00e9cessaire de poss\u00e9der son propre \u00e9quipement.<\/em><\/p>\n\n\n\n<h5 class=\"wp-block-heading\">CONDITIONS D&rsquo;ADMISSION<\/h5>\n\n\n\n<ul class=\"wp-block-list\">\n<li>18 ans<\/li>\n\n\n\n<li><a href=\"https:\/\/www.planetdiving.com\/site2\/ecole\/cours-cmas\/cmas-p3\/\" data-type=\"page\" data-id=\"1063\">P3<\/a>&nbsp;ou \u00e9quivalent (<a href=\"https:\/\/www.planetdiving.com\/site2\/ecole\/cours-tdi\/tdi-procedures-de-decompression\/\" data-type=\"page\" data-id=\"1075\">d\u00e9compression<\/a>)<\/li>\n\n\n\n<li>Brevet Nitrox (<a href=\"https:\/\/www.planetdiving.com\/site2\/ecole\/cours-tdi\/tdi-nitrox\/\" data-type=\"page\" data-id=\"1073\">TDI<\/a>,\u00a0<a href=\"https:\/\/www.planetdiving.com\/site2\/ecole\/cours-cmas\/cmas-nitrox\/\" data-type=\"page\" data-id=\"1067\">CMAS<\/a>\u00a0ou\u00a0<a href=\"https:\/\/www.planetdiving.com\/site2\/ecole\/cours-padi\/padi-nitrox-diver\/\" data-type=\"page\" data-id=\"1050\">PADI<\/a>)<\/li>\n\n\n\n<li>100 plong\u00e9es depuis le P3 ou \u00e9quivalent<\/li>\n\n\n\n<li>20 plong\u00e9es depuis le Nitrox<\/li>\n\n\n\n<li>Etre en bonne sant\u00e9 et en bonne condition physique<\/li>\n\n\n\n<li>Certificat m\u00e9dical<\/li>\n\n\n\n<li>Etre&nbsp;<a href=\"https:\/\/www.planetdiving.com\/site2\/club\/devenir-membre\/\" data-type=\"page\" data-id=\"794\">membre<\/a>&nbsp;du club Planet Diving<\/li>\n<\/ul>\n\n\n\n<h5 class=\"wp-block-heading\">CONTENU DU COURS<\/h5>\n\n\n\n<ul class=\"wp-block-list\">\n<li>1-2 le\u00e7ons de th\u00e9orie<\/li>\n\n\n\n<li>1 examen th\u00e9orique<\/li>\n\n\n\n<li>2 plong\u00e9es<\/li>\n<\/ul>\n\n\n\n<h5 class=\"wp-block-heading\">PRIX<\/h5>\n\n\n\n<p>CHF 390.- + gaz, support de cours et certification inclus.<\/p>\n","protected":false},"excerpt":{"rendered":"<p>TDI RECREATIONAL TRIMIX Ce cours familiarise les \u00e9l\u00e8ves avec les techniques de plong\u00e9es au trimix avec des m\u00e9langes contenant&nbsp;au maximum 30% d&rsquo;h\u00e9lium. Le trimix repr\u00e9sente le gaz respirable du plongeur profond par excellence. Il ouvre la porte des espaces lointains. Il permet d&rsquo;apporter au plongeur une compr\u00e9hension claire des aspects physiques et physiologiques des gaz, [&hellip;]<\/p>\n","protected":false},"author":1,"featured_media":0,"parent":1022,"menu_order":4,"comment_status":"closed","ping_status":"closed","template":"","meta":{"footnotes":""},"class_list":["post-1082","page","type-page","status-publish","hentry"],"_links":{"self":[{"href":"https:\/\/www.planetdiving.com\/site2\/wp-json\/wp\/v2\/pages\/1082","targetHints":{"allow":["GET"]}}],"collection":[{"href":"https:\/\/www.planetdiving.com\/site2\/wp-json\/wp\/v2\/pages"}],"about":[{"href":"https:\/\/www.planetdiving.com\/site2\/wp-json\/wp\/v2\/types\/page"}],"author":[{"embeddable":true,"href":"https:\/\/www.planetdiving.com\/site2\/wp-json\/wp\/v2\/users\/1"}],"replies":[{"embeddable":true,"href":"https:\/\/www.planetdiving.com\/site2\/wp-json\/wp\/v2\/comments?post=1082"}],"version-history":[{"count":3,"href":"https:\/\/www.planetdiving.com\/site2\/wp-json\/wp\/v2\/pages\/1082\/revisions"}],"predecessor-version":[{"id":1119,"href":"https:\/\/www.planetdiving.com\/site2\/wp-json\/wp\/v2\/pages\/1082\/revisions\/1119"}],"up":[{"embeddable":true,"href":"https:\/\/www.planetdiving.com\/site2\/wp-json\/wp\/v2\/pages\/1022"}],"wp:attachment":[{"href":"https:\/\/www.planetdiving.com\/site2\/wp-json\/wp\/v2\/media?parent=1082"}],"curies":[{"name":"wp","href":"https:\/\/api.w.org\/{rel}","templated":true}]}}