{"id":1073,"date":"2023-10-11T16:36:33","date_gmt":"2023-10-11T14:36:33","guid":{"rendered":"https:\/\/www.planetdiving.com\/site2\/?page_id=1073"},"modified":"2023-10-11T17:17:53","modified_gmt":"2023-10-11T15:17:53","slug":"tdi-nitrox","status":"publish","type":"page","link":"https:\/\/www.planetdiving.com\/site2\/ecole\/cours-tdi\/tdi-nitrox\/","title":{"rendered":"TDI NITROX"},"content":{"rendered":"\n<figure class=\"wp-block-image size-full\"><img loading=\"lazy\" decoding=\"async\" width=\"150\" height=\"150\" src=\"https:\/\/www.planetdiving.com\/site2\/wp-content\/uploads\/2023\/10\/tdi_150.png\" alt=\"TDI\" class=\"wp-image-1023\"\/><\/figure>\n\n\n\n<h3 class=\"wp-block-heading\">TDI NITROX<\/h3>\n\n\n\n<p>Ce cours permet de former les plongeurs en tenant compte des avantages et des proc\u00e9dures pour l&rsquo;utilisation d&rsquo;air enrichi entre&nbsp;<strong>22% et 40% d&rsquo;oxyg\u00e8ne<\/strong>&nbsp;pour les plong\u00e9es ne n\u00e9cessitant&nbsp;<strong>pas de d\u00e9compression<\/strong>.<\/p>\n\n\n\n<p>Comme plongeur Nitrox, ton temps de fond se verra passablement augment\u00e9. La fatigue apr\u00e8s plong\u00e9e sera aussi moindre. Beaucoup de centres de plong\u00e9e ou de bateaux de croisi\u00e8re proposent cette option car elle permet une plus grande r\u00e9cup\u00e9ration apr\u00e8s la plong\u00e9e.<\/p>\n\n\n\n<p>C&rsquo;est aussi le premier pas vers une formation de\u00a0<a href=\"https:\/\/www.planetdiving.com\/site2\/ecole\/cours-tdi\/\" data-type=\"page\" data-id=\"1022\">plongeur technique<\/a>.<\/p>\n\n\n\n<h5 class=\"wp-block-heading\">CONDITIONS D&rsquo;ADMISSION<\/h5>\n\n\n\n<ul class=\"wp-block-list\">\n<li>16 ans<\/li>\n\n\n\n<li><a href=\"https:\/\/www.planetdiving.com\/site2\/ecole\/cours-padi\/padi-advanced-open-water\/\" data-type=\"page\" data-id=\"1041\">PADI Advanced Open Water<\/a>\u00a0ou\u00a0<a href=\"https:\/\/www.planetdiving.com\/site2\/ecole\/cours-cmas\/cmas-p2\/\" data-type=\"page\" data-id=\"1061\">CMAS P2<\/a><\/li>\n\n\n\n<li>Etre en bonne sant\u00e9 et en bonne condition physique<\/li>\n\n\n\n<li>Pas de contre-indication m\u00e9dicale<\/li>\n\n\n\n<li>Etre\u00a0<a href=\"https:\/\/www.planetdiving.com\/site2\/club\/devenir-membre\/\" data-type=\"page\" data-id=\"794\">membre<\/a>\u00a0du club Planet Diving<\/li>\n<\/ul>\n\n\n\n<h5 class=\"wp-block-heading\">CONTENU DU COURS<\/h5>\n\n\n\n<ul class=\"wp-block-list\">\n<li>1-2 le\u00e7ons de th\u00e9orie<\/li>\n\n\n\n<li>1 examen th\u00e9orique<\/li>\n\n\n\n<li>2 plong\u00e9es<\/li>\n<\/ul>\n\n\n\n<h5 class=\"wp-block-heading\">PRIX<\/h5>\n\n\n\n<p>CHF 300.-, livre, mat\u00e9riel, Nitrox et certification inclus.<\/p>\n","protected":false},"excerpt":{"rendered":"<p>TDI NITROX Ce cours permet de former les plongeurs en tenant compte des avantages et des proc\u00e9dures pour l&rsquo;utilisation d&rsquo;air enrichi entre&nbsp;22% et 40% d&rsquo;oxyg\u00e8ne&nbsp;pour les plong\u00e9es ne n\u00e9cessitant&nbsp;pas de d\u00e9compression. Comme plongeur Nitrox, ton temps de fond se verra passablement augment\u00e9. La fatigue apr\u00e8s plong\u00e9e sera aussi moindre. Beaucoup de centres de plong\u00e9e ou [&hellip;]<\/p>\n","protected":false},"author":1,"featured_media":0,"parent":1022,"menu_order":1,"comment_status":"closed","ping_status":"closed","template":"","meta":{"footnotes":""},"class_list":["post-1073","page","type-page","status-publish","hentry"],"_links":{"self":[{"href":"https:\/\/www.planetdiving.com\/site2\/wp-json\/wp\/v2\/pages\/1073","targetHints":{"allow":["GET"]}}],"collection":[{"href":"https:\/\/www.planetdiving.com\/site2\/wp-json\/wp\/v2\/pages"}],"about":[{"href":"https:\/\/www.planetdiving.com\/site2\/wp-json\/wp\/v2\/types\/page"}],"author":[{"embeddable":true,"href":"https:\/\/www.planetdiving.com\/site2\/wp-json\/wp\/v2\/users\/1"}],"replies":[{"embeddable":true,"href":"https:\/\/www.planetdiving.com\/site2\/wp-json\/wp\/v2\/comments?post=1073"}],"version-history":[{"count":2,"href":"https:\/\/www.planetdiving.com\/site2\/wp-json\/wp\/v2\/pages\/1073\/revisions"}],"predecessor-version":[{"id":1116,"href":"https:\/\/www.planetdiving.com\/site2\/wp-json\/wp\/v2\/pages\/1073\/revisions\/1116"}],"up":[{"embeddable":true,"href":"https:\/\/www.planetdiving.com\/site2\/wp-json\/wp\/v2\/pages\/1022"}],"wp:attachment":[{"href":"https:\/\/www.planetdiving.com\/site2\/wp-json\/wp\/v2\/media?parent=1073"}],"curies":[{"name":"wp","href":"https:\/\/api.w.org\/{rel}","templated":true}]}}