{"id":1071,"date":"2023-10-11T16:35:22","date_gmt":"2023-10-11T14:35:22","guid":{"rendered":"https:\/\/www.planetdiving.com\/site2\/?page_id=1071"},"modified":"2023-10-11T17:16:12","modified_gmt":"2023-10-11T15:16:12","slug":"cmas-specialites","status":"publish","type":"page","link":"https:\/\/www.planetdiving.com\/site2\/ecole\/cours-cmas\/cmas-specialites\/","title":{"rendered":"CMAS SP\u00c9CIALIT\u00c9S"},"content":{"rendered":"\n<figure class=\"wp-block-image size-full\"><img loading=\"lazy\" decoding=\"async\" width=\"150\" height=\"150\" src=\"https:\/\/www.planetdiving.com\/site2\/wp-content\/uploads\/2023\/10\/cmas_150.png\" alt=\"CMAS\" class=\"wp-image-1019\"\/><\/figure>\n\n\n\n<h3 class=\"wp-block-heading\">SP\u00c9CIALIT\u00c9S CMAS<\/h3>\n\n\n\n<p>Ces cours sont destin\u00e9s aux plongeurs ayant envie d&rsquo;acqu\u00e9rir plus de connaissances et d&rsquo;exp\u00e9rience dans une discipline en particulier.<\/p>\n\n\n\n<p>Au menu, entre autre:&nbsp;<em>Plong\u00e9e profonde<\/em>&nbsp;et&nbsp;<em>Plong\u00e9e en v\u00eatement \u00e9tanche<\/em>.<\/p>\n\n\n\n<p>De nombreuses autres sp\u00e9cialit\u00e9s sont propos\u00e9es par les instructeurs de Planet Diving. Nous te renseignerons volontiers.<\/p>\n\n\n\n<h5 class=\"wp-block-heading\">PLONG\u00c9E PROFONDE<\/h5>\n\n\n\n<ul class=\"wp-block-list\">\n<li>Exercice et th\u00e9orie pour des plong\u00e9es jusqu&rsquo;\u00e0 40 m\u00e8tres<\/li>\n\n\n\n<li>4 plong\u00e9es<\/li>\n\n\n\n<li>N\u00e9cessite un brevet\u00a0<a href=\"https:\/\/www.planetdiving.com\/site2\/ecole\/cours-cmas\/cmas-p2\/\" data-type=\"page\" data-id=\"1061\">P2<\/a><\/li>\n\n\n\n<li>Prix: CHF 250.-<\/li>\n<\/ul>\n\n\n\n<h5 class=\"wp-block-heading\">PLONG\u00c9E EN V\u00caTEMENT \u00c9TANCHE<\/h5>\n\n\n\n<ul class=\"wp-block-list\">\n<li>Ma\u00eetrise de la flottabilit\u00e9 et technique<\/li>\n\n\n\n<li>3 plong\u00e9es (v\u00eatement \u00e9tanche non inclus)<\/li>\n\n\n\n<li>N\u00e9cessite un brevet\u00a0<a href=\"https:\/\/www.planetdiving.com\/site2\/ecole\/cours-cmas\/cmas-p1\/\" data-type=\"page\" data-id=\"1059\">P1<\/a><\/li>\n\n\n\n<li>Prix: CHF 250.-<\/li>\n<\/ul>\n","protected":false},"excerpt":{"rendered":"<p>SP\u00c9CIALIT\u00c9S CMAS Ces cours sont destin\u00e9s aux plongeurs ayant envie d&rsquo;acqu\u00e9rir plus de connaissances et d&rsquo;exp\u00e9rience dans une discipline en particulier. Au menu, entre autre:&nbsp;Plong\u00e9e profonde&nbsp;et&nbsp;Plong\u00e9e en v\u00eatement \u00e9tanche. De nombreuses autres sp\u00e9cialit\u00e9s sont propos\u00e9es par les instructeurs de Planet Diving. Nous te renseignerons volontiers. PLONG\u00c9E PROFONDE PLONG\u00c9E EN V\u00caTEMENT \u00c9TANCHE<\/p>\n","protected":false},"author":1,"featured_media":0,"parent":1018,"menu_order":7,"comment_status":"closed","ping_status":"closed","template":"","meta":{"footnotes":""},"class_list":["post-1071","page","type-page","status-publish","hentry"],"_links":{"self":[{"href":"https:\/\/www.planetdiving.com\/site2\/wp-json\/wp\/v2\/pages\/1071","targetHints":{"allow":["GET"]}}],"collection":[{"href":"https:\/\/www.planetdiving.com\/site2\/wp-json\/wp\/v2\/pages"}],"about":[{"href":"https:\/\/www.planetdiving.com\/site2\/wp-json\/wp\/v2\/types\/page"}],"author":[{"embeddable":true,"href":"https:\/\/www.planetdiving.com\/site2\/wp-json\/wp\/v2\/users\/1"}],"replies":[{"embeddable":true,"href":"https:\/\/www.planetdiving.com\/site2\/wp-json\/wp\/v2\/comments?post=1071"}],"version-history":[{"count":2,"href":"https:\/\/www.planetdiving.com\/site2\/wp-json\/wp\/v2\/pages\/1071\/revisions"}],"predecessor-version":[{"id":1114,"href":"https:\/\/www.planetdiving.com\/site2\/wp-json\/wp\/v2\/pages\/1071\/revisions\/1114"}],"up":[{"embeddable":true,"href":"https:\/\/www.planetdiving.com\/site2\/wp-json\/wp\/v2\/pages\/1018"}],"wp:attachment":[{"href":"https:\/\/www.planetdiving.com\/site2\/wp-json\/wp\/v2\/media?parent=1071"}],"curies":[{"name":"wp","href":"https:\/\/api.w.org\/{rel}","templated":true}]}}