{"id":1047,"date":"2023-10-11T16:11:37","date_gmt":"2023-10-11T14:11:37","guid":{"rendered":"https:\/\/www.planetdiving.com\/site2\/?page_id=1047"},"modified":"2025-02-17T18:26:26","modified_gmt":"2025-02-17T17:26:26","slug":"padi-emergency-first-response","status":"publish","type":"page","link":"https:\/\/www.planetdiving.com\/site2\/ecole\/cours-padi\/padi-emergency-first-response\/","title":{"rendered":"PADI EMERGENCY FIRST RESPONSE"},"content":{"rendered":"\n<div class=\"wp-block-group is-content-justification-center is-nowrap is-layout-flex wp-container-core-group-is-layout-23441af8 wp-block-group-is-layout-flex\">\n<figure class=\"wp-block-image size-full\"><img loading=\"lazy\" decoding=\"async\" width=\"150\" height=\"150\" src=\"https:\/\/www.planetdiving.com\/site2\/wp-content\/uploads\/2023\/10\/padi_150.png\" alt=\"PADI\" class=\"wp-image-1012\"\/><\/figure>\n\n\n\n<figure class=\"wp-block-image size-full\"><img loading=\"lazy\" decoding=\"async\" width=\"150\" height=\"150\" src=\"https:\/\/www.planetdiving.com\/site2\/wp-content\/uploads\/2023\/10\/efr_150.png\" alt=\"PADI EFR\" class=\"wp-image-1048\"\/><\/figure>\n<\/div>\n\n\n\n<h3 class=\"wp-block-heading\">PADI EMERGENCY FIRST RESPONSE<\/h3>\n\n\n\n<p>Le cours Emergency First Response te donne les outils dont tu as besoin pour r\u00e9aliser la RCP \u00ab\u00a0R\u00e9animation Cardio-Pulmonaire\u00a0\u00bb (ou CPR en anglais) et administrer les premiers secours.<\/p>\n\n\n\n<p>Que tu sois plongeur ou non, Emergency First Response te pr\u00e9pare \u00e0 g\u00e9rer correctement les situations potentielles mena\u00e7ant la vie, et te permettra d&rsquo;apporter les premiers secours lors d&rsquo;une situation d&rsquo;urgence. Sur terre, comme en plong\u00e9e.<\/p>\n\n\n\n<h5 class=\"wp-block-heading\">CONDITIONS D&rsquo;ADMISSION<\/h5>\n\n\n\n<ul class=\"wp-block-list\">\n<li>16 ans<\/li>\n<\/ul>\n\n\n\n<h5 class=\"wp-block-heading\">CONTENU DU COURS<\/h5>\n\n\n\n<ul class=\"wp-block-list\">\n<li>1-2 le\u00e7ons de th\u00e9orie<\/li>\n\n\n\n<li>1-2 le\u00e7ons de pratique<\/li>\n\n\n\n<li>1 examen th\u00e9orique<\/li>\n<\/ul>\n\n\n\n<h5 class=\"wp-block-heading\">PRIX<\/h5>\n\n\n\n<p>CHF 230.-, livre, mat\u00e9riel et certification inclus.<\/p>\n","protected":false},"excerpt":{"rendered":"<p>PADI EMERGENCY FIRST RESPONSE Le cours Emergency First Response te donne les outils dont tu as besoin pour r\u00e9aliser la RCP \u00ab\u00a0R\u00e9animation Cardio-Pulmonaire\u00a0\u00bb (ou CPR en anglais) et administrer les premiers secours. Que tu sois plongeur ou non, Emergency First Response te pr\u00e9pare \u00e0 g\u00e9rer correctement les situations potentielles mena\u00e7ant la vie, et te permettra [&hellip;]<\/p>\n","protected":false},"author":1,"featured_media":0,"parent":1011,"menu_order":5,"comment_status":"closed","ping_status":"closed","template":"","meta":{"footnotes":""},"class_list":["post-1047","page","type-page","status-publish","hentry"],"_links":{"self":[{"href":"https:\/\/www.planetdiving.com\/site2\/wp-json\/wp\/v2\/pages\/1047","targetHints":{"allow":["GET"]}}],"collection":[{"href":"https:\/\/www.planetdiving.com\/site2\/wp-json\/wp\/v2\/pages"}],"about":[{"href":"https:\/\/www.planetdiving.com\/site2\/wp-json\/wp\/v2\/types\/page"}],"author":[{"embeddable":true,"href":"https:\/\/www.planetdiving.com\/site2\/wp-json\/wp\/v2\/users\/1"}],"replies":[{"embeddable":true,"href":"https:\/\/www.planetdiving.com\/site2\/wp-json\/wp\/v2\/comments?post=1047"}],"version-history":[{"count":3,"href":"https:\/\/www.planetdiving.com\/site2\/wp-json\/wp\/v2\/pages\/1047\/revisions"}],"predecessor-version":[{"id":2048,"href":"https:\/\/www.planetdiving.com\/site2\/wp-json\/wp\/v2\/pages\/1047\/revisions\/2048"}],"up":[{"embeddable":true,"href":"https:\/\/www.planetdiving.com\/site2\/wp-json\/wp\/v2\/pages\/1011"}],"wp:attachment":[{"href":"https:\/\/www.planetdiving.com\/site2\/wp-json\/wp\/v2\/media?parent=1047"}],"curies":[{"name":"wp","href":"https:\/\/api.w.org\/{rel}","templated":true}]}}