{"id":1045,"date":"2023-10-11T16:10:24","date_gmt":"2023-10-11T14:10:24","guid":{"rendered":"https:\/\/www.planetdiving.com\/site2\/?page_id=1045"},"modified":"2025-02-17T18:25:56","modified_gmt":"2025-02-17T17:25:56","slug":"padi-divemaster","status":"publish","type":"page","link":"https:\/\/www.planetdiving.com\/site2\/ecole\/cours-padi\/padi-divemaster\/","title":{"rendered":"PADI DIVEMASTER"},"content":{"rendered":"\n<figure class=\"wp-block-image size-full\"><img loading=\"lazy\" decoding=\"async\" width=\"150\" height=\"150\" src=\"https:\/\/www.planetdiving.com\/site2\/wp-content\/uploads\/2023\/10\/padi_150.png\" alt=\"PADI\" class=\"wp-image-1012\"\/><\/figure>\n\n\n\n<h3 class=\"wp-block-heading\">PADI DIVEMASTER<\/h3>\n\n\n\n<p>C&rsquo;est le premier niveau professionnel PADI.<\/p>\n\n\n\n<p>Ce cours est destin\u00e9 aux plongeurs d\u00e9sirants encadrer et superviser des plong\u00e9es.<\/p>\n\n\n\n<p>Ta connaissance pratique et th\u00e9orique de la plong\u00e9e loisir t&rsquo;apporte la confiance et le respect de tous les autres plongeurs. Tu pourras assister un instructeur durant les cours, faire des bapt\u00eames, organiser et superviser des plong\u00e9es de plongeurs certifi\u00e9s.<\/p>\n\n\n\n<h5 class=\"wp-block-heading\">MAT\u00c9RIEL<\/h5>\n\n\n\n<p><em>Il est n\u00e9cessaire de poss\u00e9der son propre \u00e9quipement.<\/em><\/p>\n\n\n\n<h5 class=\"wp-block-heading\">CONDITIONS D&rsquo;ADMISSION<\/h5>\n\n\n\n<ul class=\"wp-block-list\">\n<li>18 ans<\/li>\n\n\n\n<li><a href=\"https:\/\/www.planetdiving.com\/site2\/ecole\/cours-padi\/padi-rescue-diver\/\" data-type=\"page\" data-id=\"1043\">Rescue Diver<\/a>&nbsp;ou&nbsp;<a href=\"https:\/\/www.planetdiving.com\/site2\/ecole\/passerelles\/\" data-type=\"page\" data-id=\"1027\">voir passerelles<\/a><\/li>\n\n\n\n<li>Titulaire d&rsquo;un brevet de r\u00e9animation cardio-pulmonaire depuis moins de 2 ans (voir&nbsp;<a href=\"https:\/\/www.planetdiving.com\/site2\/ecole\/cours-padi\/padi-emergency-first-response\/\" data-type=\"page\" data-id=\"1047\">EFR<\/a>)<\/li>\n\n\n\n<li>Etre en bonne sant\u00e9 et en bonne condition physique<\/li>\n\n\n\n<li>Pas de contre-indication m\u00e9dicale<\/li>\n\n\n\n<li>Etre&nbsp;<a href=\"https:\/\/www.planetdiving.com\/site2\/club\/devenir-membre\/\" data-type=\"page\" data-id=\"794\">membre<\/a>&nbsp;du club Planet Diving<\/li>\n\n\n\n<li>40 plong\u00e9es minimum<\/li>\n<\/ul>\n\n\n\n<h5 class=\"wp-block-heading\">CONTENU DU COURS<\/h5>\n\n\n\n<ul class=\"wp-block-list\">\n<li>8 le\u00e7ons de th\u00e9orie<\/li>\n\n\n\n<li>Examen th\u00e9orique<\/li>\n\n\n\n<li>5 s\u00e9ances d&rsquo;entra\u00eenement<\/li>\n\n\n\n<li>15 encadrements<\/li>\n<\/ul>\n\n\n\n<h5 class=\"wp-block-heading\">PRIX<\/h5>\n\n\n\n<p>CHF 950.-,\u00a0<strong>livre, mat\u00e9riel et certification en suppl\u00e9ment<\/strong>.<\/p>\n","protected":false},"excerpt":{"rendered":"<p>PADI DIVEMASTER C&rsquo;est le premier niveau professionnel PADI. Ce cours est destin\u00e9 aux plongeurs d\u00e9sirants encadrer et superviser des plong\u00e9es. Ta connaissance pratique et th\u00e9orique de la plong\u00e9e loisir t&rsquo;apporte la confiance et le respect de tous les autres plongeurs. Tu pourras assister un instructeur durant les cours, faire des bapt\u00eames, organiser et superviser des [&hellip;]<\/p>\n","protected":false},"author":1,"featured_media":0,"parent":1011,"menu_order":4,"comment_status":"closed","ping_status":"closed","template":"","meta":{"footnotes":""},"class_list":["post-1045","page","type-page","status-publish","hentry"],"_links":{"self":[{"href":"https:\/\/www.planetdiving.com\/site2\/wp-json\/wp\/v2\/pages\/1045","targetHints":{"allow":["GET"]}}],"collection":[{"href":"https:\/\/www.planetdiving.com\/site2\/wp-json\/wp\/v2\/pages"}],"about":[{"href":"https:\/\/www.planetdiving.com\/site2\/wp-json\/wp\/v2\/types\/page"}],"author":[{"embeddable":true,"href":"https:\/\/www.planetdiving.com\/site2\/wp-json\/wp\/v2\/users\/1"}],"replies":[{"embeddable":true,"href":"https:\/\/www.planetdiving.com\/site2\/wp-json\/wp\/v2\/comments?post=1045"}],"version-history":[{"count":3,"href":"https:\/\/www.planetdiving.com\/site2\/wp-json\/wp\/v2\/pages\/1045\/revisions"}],"predecessor-version":[{"id":2047,"href":"https:\/\/www.planetdiving.com\/site2\/wp-json\/wp\/v2\/pages\/1045\/revisions\/2047"}],"up":[{"embeddable":true,"href":"https:\/\/www.planetdiving.com\/site2\/wp-json\/wp\/v2\/pages\/1011"}],"wp:attachment":[{"href":"https:\/\/www.planetdiving.com\/site2\/wp-json\/wp\/v2\/media?parent=1045"}],"curies":[{"name":"wp","href":"https:\/\/api.w.org\/{rel}","templated":true}]}}