{"id":1043,"date":"2023-10-11T16:09:32","date_gmt":"2023-10-11T14:09:32","guid":{"rendered":"https:\/\/www.planetdiving.com\/site2\/?page_id=1043"},"modified":"2025-02-17T18:25:44","modified_gmt":"2025-02-17T17:25:44","slug":"padi-rescue-diver","status":"publish","type":"page","link":"https:\/\/www.planetdiving.com\/site2\/ecole\/cours-padi\/padi-rescue-diver\/","title":{"rendered":"PADI RESCUE DIVER"},"content":{"rendered":"\n<figure class=\"wp-block-image size-full\"><img loading=\"lazy\" decoding=\"async\" width=\"150\" height=\"150\" src=\"https:\/\/www.planetdiving.com\/site2\/wp-content\/uploads\/2023\/10\/padi_150.png\" alt=\"PADI\" class=\"wp-image-1012\"\/><\/figure>\n\n\n\n<h3 class=\"wp-block-heading\">PADI RESCUE DIVER<\/h3>\n\n\n\n<p>Le cours Rescue Diver est destin\u00e9 aux plongeurs d\u00e9sirant apprendre \u00e0 pr\u00e9venir, \u00e0 anticiper et \u00e0 g\u00e9rer un probl\u00e8me sous l&rsquo;eau et en surface.<\/p>\n\n\n\n<p>Tu seras donc capable de r\u00e9pondre \u00e0 une situation critique en plong\u00e9e, de prendre les premi\u00e8res mesures d&rsquo;urgence et d&rsquo;organiser les secours.<\/p>\n\n\n\n<h5 class=\"wp-block-heading\">MAT\u00c9RIEL<\/h5>\n\n\n\n<p><em>Il est conseill\u00e9 de poss\u00e9der son propre \u00e9quipement. Avoir une connaissance accrue de son mat\u00e9riel est un atout non-n\u00e9gligeable.<\/em><\/p>\n\n\n\n<h5 class=\"wp-block-heading\">CONDITIONS D&rsquo;ADMISSION<\/h5>\n\n\n\n<ul class=\"wp-block-list\">\n<li>18 ans<\/li>\n\n\n\n<li><a href=\"https:\/\/www.planetdiving.com\/site2\/ecole\/cours-padi\/padi-advanced-open-water\/\" data-type=\"page\" data-id=\"1041\">Advanced Open Water<\/a>&nbsp;ou&nbsp;<a href=\"https:\/\/www.planetdiving.com\/site2\/ecole\/passerelles\/\" data-type=\"page\" data-id=\"1027\">voir passerelles<\/a><\/li>\n\n\n\n<li>Titulaire d&rsquo;un brevet de r\u00e9animation cardio-pulmonaire depuis moins de 2 ans (voir&nbsp;<a href=\"https:\/\/www.planetdiving.com\/site2\/ecole\/cours-padi\/padi-emergency-first-response\/\" data-type=\"page\" data-id=\"1047\">EFR<\/a>)<\/li>\n\n\n\n<li>Etre en bonne sant\u00e9 et en bonne condition physique<\/li>\n\n\n\n<li>Pas de contre-indication m\u00e9dicale<\/li>\n\n\n\n<li>Etre&nbsp;<a href=\"https:\/\/www.planetdiving.com\/site2\/club\/devenir-membre\/\" data-type=\"page\" data-id=\"794\">membre<\/a>&nbsp;du club Planet Diving<\/li>\n<\/ul>\n\n\n\n<h5 class=\"wp-block-heading\">CONTENU DU COURS<\/h5>\n\n\n\n<ul class=\"wp-block-list\">\n<li>5 chapitres de th\u00e9orie<\/li>\n\n\n\n<li>Examen th\u00e9orique<\/li>\n\n\n\n<li>5 plong\u00e9es minimum comprenant:\n<ul class=\"wp-block-list\">\n<li>Auto sauvetage et stress du plongeur<\/li>\n\n\n\n<li>Premiers secours en plong\u00e9e<\/li>\n\n\n\n<li>Gestion d&rsquo;une urgence et mat\u00e9riel<\/li>\n\n\n\n<li>Assistance dans l&rsquo;eau ou hors de l&rsquo;eau<\/li>\n\n\n\n<li>R\u00e9action face \u00e0 un plongeur paniqu\u00e9<\/li>\n\n\n\n<li>Plongeur en d\u00e9tresse en immersion<\/li>\n\n\n\n<li>Proc\u00e9dures de recherche d&rsquo;un plongeur perdu<\/li>\n\n\n\n<li>Sortie de l&rsquo;eau d&rsquo;un plongeur inconscient<\/li>\n\n\n\n<li>Respiration artificielle en surface<\/li>\n\n\n\n<li>Sorties<\/li>\n\n\n\n<li>Proc\u00e9dures de premiers secours pour les accidents li\u00e9s \u00e0 la pression<\/li>\n\n\n\n<li>Sc\u00e9narios d&rsquo;accidents de plong\u00e9e<\/li>\n<\/ul>\n<\/li>\n<\/ul>\n\n\n\n<h5 class=\"wp-block-heading\">PRIX<\/h5>\n\n\n\n<p>CHF 800.-, livre, mat\u00e9riel et certification inclus.<\/p>\n","protected":false},"excerpt":{"rendered":"<p>PADI RESCUE DIVER Le cours Rescue Diver est destin\u00e9 aux plongeurs d\u00e9sirant apprendre \u00e0 pr\u00e9venir, \u00e0 anticiper et \u00e0 g\u00e9rer un probl\u00e8me sous l&rsquo;eau et en surface. Tu seras donc capable de r\u00e9pondre \u00e0 une situation critique en plong\u00e9e, de prendre les premi\u00e8res mesures d&rsquo;urgence et d&rsquo;organiser les secours. MAT\u00c9RIEL Il est conseill\u00e9 de poss\u00e9der [&hellip;]<\/p>\n","protected":false},"author":1,"featured_media":0,"parent":1011,"menu_order":3,"comment_status":"closed","ping_status":"closed","template":"","meta":{"footnotes":""},"class_list":["post-1043","page","type-page","status-publish","hentry"],"_links":{"self":[{"href":"https:\/\/www.planetdiving.com\/site2\/wp-json\/wp\/v2\/pages\/1043","targetHints":{"allow":["GET"]}}],"collection":[{"href":"https:\/\/www.planetdiving.com\/site2\/wp-json\/wp\/v2\/pages"}],"about":[{"href":"https:\/\/www.planetdiving.com\/site2\/wp-json\/wp\/v2\/types\/page"}],"author":[{"embeddable":true,"href":"https:\/\/www.planetdiving.com\/site2\/wp-json\/wp\/v2\/users\/1"}],"replies":[{"embeddable":true,"href":"https:\/\/www.planetdiving.com\/site2\/wp-json\/wp\/v2\/comments?post=1043"}],"version-history":[{"count":4,"href":"https:\/\/www.planetdiving.com\/site2\/wp-json\/wp\/v2\/pages\/1043\/revisions"}],"predecessor-version":[{"id":2046,"href":"https:\/\/www.planetdiving.com\/site2\/wp-json\/wp\/v2\/pages\/1043\/revisions\/2046"}],"up":[{"embeddable":true,"href":"https:\/\/www.planetdiving.com\/site2\/wp-json\/wp\/v2\/pages\/1011"}],"wp:attachment":[{"href":"https:\/\/www.planetdiving.com\/site2\/wp-json\/wp\/v2\/media?parent=1043"}],"curies":[{"name":"wp","href":"https:\/\/api.w.org\/{rel}","templated":true}]}}