{"id":1039,"date":"2023-10-11T16:05:36","date_gmt":"2023-10-11T14:05:36","guid":{"rendered":"https:\/\/www.planetdiving.com\/site2\/?page_id=1039"},"modified":"2025-02-17T18:25:07","modified_gmt":"2025-02-17T17:25:07","slug":"padi-open-water","status":"publish","type":"page","link":"https:\/\/www.planetdiving.com\/site2\/ecole\/cours-padi\/padi-open-water\/","title":{"rendered":"PADI OPEN WATER"},"content":{"rendered":"\n<figure class=\"wp-block-image size-full\"><img loading=\"lazy\" decoding=\"async\" width=\"150\" height=\"150\" src=\"https:\/\/www.planetdiving.com\/site2\/wp-content\/uploads\/2023\/10\/padi_150.png\" alt=\"PADI\" class=\"wp-image-1012\"\/><\/figure>\n\n\n\n<h3 class=\"wp-block-heading\">PADI OPEN WATER<\/h3>\n\n\n\n<p>Le cours Open Water est destin\u00e9 aux d\u00e9butants.<\/p>\n\n\n\n<p>Les techniques de base te seront enseign\u00e9es en milieu prot\u00e9g\u00e9 (eau calme et peu profonde), ensuite celles-ci seront compl\u00e9t\u00e9es par une formation en milieu naturel (lac). Simultan\u00e9ment, tu participeras aux cours de th\u00e9orie, qui se solderont par un examen.<\/p>\n\n\n\n<p>Ton cours termin\u00e9, et ton examen r\u00e9ussi, l&rsquo;obtention de ton brevet te permettra de plonger (<strong>max. 18 m\u00e8tres<\/strong>) en toute s\u00e9curit\u00e9 en compagnie d&rsquo;un bin\u00f4me (partenaire).<\/p>\n\n\n\n<h5 class=\"wp-block-heading\">CONDITIONS D&rsquo;ADMISSION<\/h5>\n\n\n\n<ul class=\"wp-block-list\">\n<li>14 ans<\/li>\n\n\n\n<li>Etre en bonne sant\u00e9 et en bonne condition physique<\/li>\n\n\n\n<li>Pas de contre-indication m\u00e9dicale<\/li>\n\n\n\n<li>Etre&nbsp;<a href=\"https:\/\/www.planetdiving.com\/site2\/club\/devenir-membre\/\" data-type=\"page\" data-id=\"794\">membre<\/a>&nbsp;du club Planet Diving<\/li>\n<\/ul>\n\n\n\n<h5 class=\"wp-block-heading\">CONTENU DU COURS<\/h5>\n\n\n\n<ul class=\"wp-block-list\">\n<li>5 chapitres de th\u00e9orie<\/li>\n\n\n\n<li>5 sessions en milieu prot\u00e9g\u00e9<\/li>\n\n\n\n<li>4 plong\u00e9es<\/li>\n<\/ul>\n\n\n\n<h5 class=\"wp-block-heading\">PRIX<\/h5>\n\n\n\n<p>CHF 650.-, livre, mat\u00e9riel et certification inclus.<\/p>\n","protected":false},"excerpt":{"rendered":"<p>PADI OPEN WATER Le cours Open Water est destin\u00e9 aux d\u00e9butants. Les techniques de base te seront enseign\u00e9es en milieu prot\u00e9g\u00e9 (eau calme et peu profonde), ensuite celles-ci seront compl\u00e9t\u00e9es par une formation en milieu naturel (lac). Simultan\u00e9ment, tu participeras aux cours de th\u00e9orie, qui se solderont par un examen. Ton cours termin\u00e9, et ton [&hellip;]<\/p>\n","protected":false},"author":1,"featured_media":0,"parent":1011,"menu_order":1,"comment_status":"closed","ping_status":"closed","template":"","meta":{"footnotes":""},"class_list":["post-1039","page","type-page","status-publish","hentry"],"_links":{"self":[{"href":"https:\/\/www.planetdiving.com\/site2\/wp-json\/wp\/v2\/pages\/1039","targetHints":{"allow":["GET"]}}],"collection":[{"href":"https:\/\/www.planetdiving.com\/site2\/wp-json\/wp\/v2\/pages"}],"about":[{"href":"https:\/\/www.planetdiving.com\/site2\/wp-json\/wp\/v2\/types\/page"}],"author":[{"embeddable":true,"href":"https:\/\/www.planetdiving.com\/site2\/wp-json\/wp\/v2\/users\/1"}],"replies":[{"embeddable":true,"href":"https:\/\/www.planetdiving.com\/site2\/wp-json\/wp\/v2\/comments?post=1039"}],"version-history":[{"count":4,"href":"https:\/\/www.planetdiving.com\/site2\/wp-json\/wp\/v2\/pages\/1039\/revisions"}],"predecessor-version":[{"id":2044,"href":"https:\/\/www.planetdiving.com\/site2\/wp-json\/wp\/v2\/pages\/1039\/revisions\/2044"}],"up":[{"embeddable":true,"href":"https:\/\/www.planetdiving.com\/site2\/wp-json\/wp\/v2\/pages\/1011"}],"wp:attachment":[{"href":"https:\/\/www.planetdiving.com\/site2\/wp-json\/wp\/v2\/media?parent=1039"}],"curies":[{"name":"wp","href":"https:\/\/api.w.org\/{rel}","templated":true}]}}