{"id":1029,"date":"2023-10-11T15:54:59","date_gmt":"2023-10-11T13:54:59","guid":{"rendered":"https:\/\/www.planetdiving.com\/site2\/?page_id=1029"},"modified":"2023-10-11T16:57:44","modified_gmt":"2023-10-11T14:57:44","slug":"eleves-certifies","status":"publish","type":"page","link":"https:\/\/www.planetdiving.com\/site2\/ecole\/eleves-certifies\/","title":{"rendered":"\u00c9L\u00c8VES CERTIFI\u00c9S"},"content":{"rendered":"\n<h5 class=\"wp-block-heading\">ANN\u00c9ES PR\u00c9C\u00c9DENTES<\/h5>\n\n\n\n<ul class=\"wp-block-list\">\n<li>2018 \u00e0 2023 : <em>mise \u00e0 jour \u00e0 venir \ud83d\ude09<\/em><\/li>\n\n\n\n<li>2017: S\u00e9bastien, Tek Package (NitroxII + Deco + Gaz blender)<\/li>\n\n\n\n<li>2017: Nicolas, Open Water<\/li>\n\n\n\n<li>2016: Vincent, Open Water<\/li>\n\n\n\n<li>2016: Philou, Rescue + Master Scuba Diver<\/li>\n\n\n\n<li>2016: Raymond, Open Water<\/li>\n\n\n\n<li>2016: Yann, Open Water<\/li>\n\n\n\n<li>2016: Alexis, Open Water<\/li>\n\n\n\n<li>2016: Julien, Rescue + EFR<\/li>\n\n\n\n<li>2016: Raymond, Advanced Open Water<\/li>\n\n\n\n<li>2016: Alexia, Junior Open Water<\/li>\n\n\n\n<li>2016: Yoan, Dive Master<\/li>\n\n\n\n<li>2015: Tania &amp; Pascal, Open Water<\/li>\n\n\n\n<li>2015: Myriam, Deep Diver + Nitrox<\/li>\n\n\n\n<li>2015: Mounzer, Deep Diver + Nitrox<\/li>\n\n\n\n<li>2015: Pascal, DiveMaster + Nitrox<\/li>\n\n\n\n<li>2015: Camille, Junior Open Water<\/li>\n\n\n\n<li>2015: Val\u00e9rian, Junior Open Water<\/li>\n\n\n\n<li>2015: Coralie, Open Water<\/li>\n\n\n\n<li>2014: Yoan, Rescue Diver<\/li>\n<\/ul>\n","protected":false},"excerpt":{"rendered":"<p>ANN\u00c9ES PR\u00c9C\u00c9DENTES<\/p>\n","protected":false},"author":1,"featured_media":0,"parent":1025,"menu_order":7,"comment_status":"closed","ping_status":"closed","template":"","meta":{"footnotes":""},"class_list":["post-1029","page","type-page","status-publish","hentry"],"_links":{"self":[{"href":"https:\/\/www.planetdiving.com\/site2\/wp-json\/wp\/v2\/pages\/1029","targetHints":{"allow":["GET"]}}],"collection":[{"href":"https:\/\/www.planetdiving.com\/site2\/wp-json\/wp\/v2\/pages"}],"about":[{"href":"https:\/\/www.planetdiving.com\/site2\/wp-json\/wp\/v2\/types\/page"}],"author":[{"embeddable":true,"href":"https:\/\/www.planetdiving.com\/site2\/wp-json\/wp\/v2\/users\/1"}],"replies":[{"embeddable":true,"href":"https:\/\/www.planetdiving.com\/site2\/wp-json\/wp\/v2\/comments?post=1029"}],"version-history":[{"count":3,"href":"https:\/\/www.planetdiving.com\/site2\/wp-json\/wp\/v2\/pages\/1029\/revisions"}],"predecessor-version":[{"id":1038,"href":"https:\/\/www.planetdiving.com\/site2\/wp-json\/wp\/v2\/pages\/1029\/revisions\/1038"}],"up":[{"embeddable":true,"href":"https:\/\/www.planetdiving.com\/site2\/wp-json\/wp\/v2\/pages\/1025"}],"wp:attachment":[{"href":"https:\/\/www.planetdiving.com\/site2\/wp-json\/wp\/v2\/media?parent=1029"}],"curies":[{"name":"wp","href":"https:\/\/api.w.org\/{rel}","templated":true}]}}