{"id":1025,"date":"2023-10-11T15:50:25","date_gmt":"2023-10-11T13:50:25","guid":{"rendered":"https:\/\/www.planetdiving.com\/site2\/?page_id=1025"},"modified":"2025-07-07T18:58:58","modified_gmt":"2025-07-07T16:58:58","slug":"ecole","status":"publish","type":"page","link":"https:\/\/www.planetdiving.com\/site2\/ecole\/","title":{"rendered":"Ecole"},"content":{"rendered":"\n<h5 class=\"wp-block-heading\" id=\"instructeurs\">INSTRUCTEURS &#8211; \u00c9COLE PLANET DIVING<\/h5>\n\n\n\n<p>A Planet Diving nous formons des plongeurs dans les standards stricts des associations que nous repr\u00e9sentons:&nbsp;<a href=\"https:\/\/www.planetdiving.com\/site2\/ecole\/cours-padi\/\" data-type=\"page\" data-id=\"1011\">PADI<\/a>&nbsp;&#8211;&nbsp;<a href=\"https:\/\/www.planetdiving.com\/site2\/ecole\/cours-cmas\/\" data-type=\"page\" data-id=\"1018\">CMAS<\/a>&nbsp;&#8211;&nbsp;<a href=\"https:\/\/www.planetdiving.com\/site2\/ecole\/cours-tdi\/\" data-type=\"page\" data-id=\"1022\">TDI<\/a>.<\/p>\n\n\n\n<p>Les instructeurs exp\u00e9riment\u00e9s de Planet Diving t&rsquo;enseigneront avec passion les r\u00e8gles de la plong\u00e9e sous-marine afin que tu deviennes un plongeur ind\u00e9pendant et que tu puisses \u00e9galement d\u00e9couvrir et profiter de nouvelles sensations en toute s\u00e9curit\u00e9.<\/p>\n\n\n\n<p>La formation continue est un \u00e9l\u00e9ment important et nos instructeurs se feront un plaisir de poursuivre avec toi cette fantastique aventure sous-marine. Toutes nos formations se terminent par une certification reconnue mondialement.<\/p>\n\n\n\n<p>N&rsquo;h\u00e9site pas \u00e0 nous contacter pour tout renseignement:&nbsp;<a href=\"mailto:info@planetdiving.com\">info@planetdiving.com<\/a><\/p>\n\n\n\n<h5 class=\"wp-block-heading\" id=\"tarifs\">COURS DE PLONG\u00c9 &amp; TARIFS<\/h5>\n\n\n\n<p>Voici un r\u00e9capitulatif de nos cours de plong\u00e9e et de leur prix, <br>qui incluent le co\u00fbt de la licence. <br><br>Pour les cours Tech (TDI), les gaz (autres que l&rsquo;air) utilis\u00e9s sont \u00e0 la charge des participants.<\/p>\n\n\n\n<p>Les cours sont r\u00e9serv\u00e9s aux&nbsp;<a href=\"https:\/\/www.planetdiving.com\/site\/club.join.php\">membres<\/a>&nbsp;actifs. <br>La <a href=\"https:\/\/www.planetdiving.com\/site2\/club\/devenir-membre\/\" data-type=\"page\" data-id=\"794\">cotisation annuelle<\/a> n&rsquo;est pas comprise dans les prix affich\u00e9s ci-contre.<\/p>\n\n\n\n<p>Pour plus de renseignements, nos <a href=\"https:\/\/www.planetdiving.com\/site2\/ecole\/instructeurs\/\" data-type=\"page\" data-id=\"1092\">instructeurs<\/a> sont \u00e0 disposition!<\/p>\n\n\n\n<hr class=\"wp-block-separator has-alpha-channel-opacity\"\/>\n\n\n\n<p id=\"cours-padi\"><strong>Cours <a href=\"https:\/\/www.planetdiving.com\/site2\/cours-padi\/\" data-type=\"page\" data-id=\"1011\">PADI<\/a><\/strong><\/p>\n\n\n\n<figure class=\"wp-block-table\"><table><thead><tr><th>COURS<\/th><th>PRIX<\/th><\/tr><\/thead><tbody><tr><td><a href=\"https:\/\/www.planetdiving.com\/site2\/ecole\/cours-padi\/bapteme-de-plongee\/\" data-type=\"page\" data-id=\"1052\">Bapt\u00e8me de plong\u00e9e<\/a><\/td><td>CHF 60.-<\/td><\/tr><tr><td><a href=\"https:\/\/www.planetdiving.com\/site2\/ecole\/cours-padi\/padi-open-water\/\" data-type=\"page\" data-id=\"1039\">Open Water Diver<\/a><\/td><td>CHF 650.-<\/td><\/tr><tr><td><a href=\"https:\/\/www.planetdiving.com\/site2\/ecole\/cours-padi\/padi-advanced-open-water\/\" data-type=\"page\" data-id=\"1041\">Advanced Open Water Diver<\/a><\/td><td>CHF 600.-<\/td><\/tr><tr><td><a href=\"https:\/\/www.planetdiving.com\/site2\/ecole\/cours-padi\/padi-rescue-diver\/\" data-type=\"page\" data-id=\"1043\">Rescue Diver<\/a><\/td><td>CHF 800.-<\/td><\/tr><tr><td><a href=\"https:\/\/www.planetdiving.com\/site2\/ecole\/cours-padi\/padi-divemaster\/\" data-type=\"page\" data-id=\"1045\">Divemaster<\/a><\/td><td>CHF 950.-<\/td><\/tr><tr><td><a href=\"https:\/\/www.planetdiving.com\/site2\/ecole\/cours-padi\/padi-emergency-first-response\/\" data-type=\"page\" data-id=\"1047\">Emergency First Response<\/a><\/td><td>CHF 230.-<\/td><\/tr><tr><td><a href=\"https:\/\/www.planetdiving.com\/site2\/ecole\/cours-padi\/padi-nitrox-diver\/\" data-type=\"page\" data-id=\"1050\">Nitrox<\/a><\/td><td>CHF 350.-<\/td><\/tr><tr><td><a href=\"https:\/\/www.planetdiving.com\/site2\/ecole\/cours-padi\/padi-specialites\/\" data-type=\"page\" data-id=\"1054\">Sp\u00e9cialit\u00e9s<\/a><\/td><td>Sur demande<\/td><\/tr><\/tbody><\/table><figcaption class=\"wp-element-caption\">&gt; <a href=\"https:\/\/www.planetdiving.com\/site2\/cours-padi\/\" data-type=\"page\" data-id=\"1011\">en savoir plus sur PADI<\/a><\/figcaption><\/figure>\n\n\n\n<hr class=\"wp-block-separator has-alpha-channel-opacity\"\/>\n\n\n\n<p id=\"cours-cmas\"><strong>Cours CMAS<\/strong><\/p>\n\n\n\n<figure class=\"wp-block-table\"><table><thead><tr><th>COURS<\/th><th>PRIX<\/th><\/tr><\/thead><tbody><tr><td><a href=\"https:\/\/www.planetdiving.com\/site2\/ecole\/cours-cmas\/cmas-p1\/\" data-type=\"page\" data-id=\"1059\">P1<\/a><\/td><td>CHF 600.-<\/td><\/tr><tr><td><a href=\"https:\/\/www.planetdiving.com\/site2\/ecole\/cours-cmas\/cmas-p2\/\" data-type=\"page\" data-id=\"1061\">P2<\/a><\/td><td>CHF 740.-<\/td><\/tr><tr><td><a href=\"https:\/\/www.planetdiving.com\/site2\/ecole\/cours-cmas\/cmas-p3\/\" data-type=\"page\" data-id=\"1063\">P3<\/a><\/td><td>CHF 900.-<\/td><\/tr><tr><td><a href=\"https:\/\/www.planetdiving.com\/site2\/ecole\/cours-cmas\/cmas-nitrox\/\" data-type=\"page\" data-id=\"1067\">Nitrox<\/a><\/td><td>CHF 300.-<\/td><\/tr><tr><td><a href=\"https:\/\/www.planetdiving.com\/site2\/ecole\/cours-cmas\/cmas-recreational-trimix\/\" data-type=\"page\" data-id=\"1069\">Recreational Trimix<\/a><\/td><td>CHF 390.-<\/td><\/tr><tr><td><a href=\"https:\/\/www.planetdiving.com\/site2\/ecole\/cours-cmas\/cmas-specialites\/\" data-type=\"page\" data-id=\"1071\">Sp\u00e9cialit\u00e9s<\/a><\/td><td>Sur dema<\/td><\/tr><\/tbody><\/table><figcaption class=\"wp-element-caption\">&gt; <a href=\"https:\/\/www.planetdiving.com\/site2\/cours-cmas\/\" data-type=\"page\" data-id=\"1018\">en savoir plus sur CMAS<\/a><\/figcaption><\/figure>\n\n\n\n<hr class=\"wp-block-separator has-alpha-channel-opacity\"\/>\n\n\n\n<p id=\"cours-tdi\"><strong>Cours <a href=\"https:\/\/www.planetdiving.com\/site2\/cours-tdi\/\" data-type=\"page\" data-id=\"1022\">TDI<\/a><\/strong><\/p>\n\n\n\n<figure class=\"wp-block-table\"><table><thead><tr><th>COURS<\/th><th>PRIX<\/th><\/tr><\/thead><tbody><tr><td><a href=\"https:\/\/www.planetdiving.com\/site2\/ecole\/cours-tdi\/tdi-nitrox\/\" data-type=\"page\" data-id=\"1073\">Nitrox<\/a><\/td><td>CHF 300.-<\/td><\/tr><tr><td><a href=\"https:\/\/www.planetdiving.com\/site2\/ecole\/cours-tdi\/tdi-procedures-de-decompression\/\" data-type=\"page\" data-id=\"1075\">Proc\u00e9dures de d\u00e9compression<\/a><\/td><td>CHF 500.-<\/td><\/tr><tr><td><a href=\"https:\/\/www.planetdiving.com\/site2\/ecole\/cours-tdi\/tdi-nitrox-avance\/\" data-type=\"page\" data-id=\"1080\">Nitrox avanc\u00e9<\/a><\/td><td>CHF 500.-<\/td><\/tr><tr><td><a href=\"https:\/\/www.planetdiving.com\/site2\/ecole\/cours-tdi\/tdi-recreational-trimix\/\" data-type=\"page\" data-id=\"1082\">Recreational Trimix<\/a><\/td><td>CHF 390.-<\/td><\/tr><tr><td><a href=\"https:\/\/www.planetdiving.com\/site2\/ecole\/cours-tdi\/tdi-gaz-blender\/\" data-type=\"page\" data-id=\"1084\">Gaz Blender<\/a><\/td><td>CHF 250.-<\/td><\/tr><\/tbody><\/table><figcaption class=\"wp-element-caption\">&gt; <a href=\"https:\/\/www.planetdiving.com\/site2\/cours-tdi\/\" data-type=\"page\" data-id=\"1022\">en savoir plus sur TDI<\/a><\/figcaption><\/figure>\n\n\n\n<hr class=\"wp-block-separator has-alpha-channel-opacity\"\/>\n\n\n\n<p id=\"forfait-tdi\"><strong>Forfait <a href=\"https:\/\/www.planetdiving.com\/site2\/cours-tdi\/\" data-type=\"page\" data-id=\"1022\">TDI<\/a><\/strong><\/p>\n\n\n\n<figure class=\"wp-block-table\"><table><thead><tr><th>COURS<\/th><th>PRIX<\/th><\/tr><\/thead><tbody><tr><td><a href=\"https:\/\/www.planetdiving.com\/site2\/ecole\/cours-tdi\/tdi-procedures-de-decompression\/\" data-type=\"page\" data-id=\"1075\">Proc\u00e9dures de d\u00e9compression<\/a>&nbsp;+&nbsp;<a href=\"https:\/\/www.planetdiving.com\/site2\/ecole\/cours-tdi\/tdi-nitrox-avance\/\" data-type=\"page\" data-id=\"1080\">Nitrox avanc\u00e9<\/a><\/td><td>CHF 900.-<\/td><\/tr><tr><td><a href=\"https:\/\/www.planetdiving.com\/site2\/ecole\/cours-tdi\/tdi-procedures-de-decompression\/\" data-type=\"page\" data-id=\"1075\">Proc\u00e9dures de d\u00e9compression<\/a>&nbsp;+&nbsp;<a href=\"https:\/\/www.planetdiving.com\/site2\/ecole\/cours-tdi\/tdi-gaz-blender\/\" data-type=\"page\" data-id=\"1084\">Gaz Blender<\/a><\/td><td>CHF 700.-<\/td><\/tr><tr><td><a href=\"https:\/\/www.planetdiving.com\/site2\/ecole\/cours-tdi\/tdi-nitrox-avance\/\" data-type=\"page\" data-id=\"1080\">Nitrox avanc\u00e9<\/a>&nbsp;+&nbsp;<a href=\"https:\/\/www.planetdiving.com\/site2\/ecole\/cours-tdi\/tdi-gaz-blender\/\" data-type=\"page\" data-id=\"1084\">Gaz Blender<\/a><\/td><td>CHF 700.-<\/td><\/tr><tr><td><a href=\"https:\/\/www.planetdiving.com\/site2\/ecole\/cours-tdi\/tdi-procedures-de-decompression\/\" data-type=\"page\" data-id=\"1075\">Proc\u00e9dures de d\u00e9compression<\/a>&nbsp;+&nbsp;<a href=\"https:\/\/www.planetdiving.com\/site2\/ecole\/cours-tdi\/tdi-nitrox-avance\/\" data-type=\"page\" data-id=\"1080\">Nitrox avanc\u00e9<\/a>&nbsp;+&nbsp;<a href=\"https:\/\/www.planetdiving.com\/site2\/ecole\/cours-tdi\/tdi-gaz-blender\/\" data-type=\"page\" data-id=\"1084\">Gaz Blender<\/a><\/td><td>CHF 1050.-<\/td><\/tr><\/tbody><\/table><figcaption class=\"wp-element-caption\">&gt; <a href=\"https:\/\/www.planetdiving.com\/site2\/cours-tdi\/\" data-type=\"page\" data-id=\"1022\">en savoir plus sur TDI<\/a><\/figcaption><\/figure>\n\n\n\n<div style=\"height:100px\" aria-hidden=\"true\" class=\"wp-block-spacer\"><\/div>\n\n\n\n<hr class=\"wp-block-separator has-alpha-channel-opacity\"\/>\n\n\n\n<p>(i) <strong>Le paiement complet du cours est d\u00fb \u00e0 30 jours apr\u00e8s le d\u00e9but du cours.<\/strong><\/p>\n","protected":false},"excerpt":{"rendered":"<p>COURS DE PLONG\u00c9 &amp; TARIFS Voici un r\u00e9capitulatif de nos cours de plong\u00e9e et de leur prix, qui incluent le co\u00fbt de la licence. Pour les cours Tech (TDI), les gaz (autres que l&rsquo;air) utilis\u00e9s sont \u00e0 la charge des participants. Les cours sont r\u00e9serv\u00e9s aux&nbsp;membres&nbsp;actifs. La cotisation annuelle n&rsquo;est pas comprise dans les prix [&hellip;]<\/p>\n","protected":false},"author":1,"featured_media":0,"parent":0,"menu_order":0,"comment_status":"closed","ping_status":"closed","template":"","meta":{"footnotes":""},"class_list":["post-1025","page","type-page","status-publish","hentry"],"_links":{"self":[{"href":"https:\/\/www.planetdiving.com\/site2\/wp-json\/wp\/v2\/pages\/1025","targetHints":{"allow":["GET"]}}],"collection":[{"href":"https:\/\/www.planetdiving.com\/site2\/wp-json\/wp\/v2\/pages"}],"about":[{"href":"https:\/\/www.planetdiving.com\/site2\/wp-json\/wp\/v2\/types\/page"}],"author":[{"embeddable":true,"href":"https:\/\/www.planetdiving.com\/site2\/wp-json\/wp\/v2\/users\/1"}],"replies":[{"embeddable":true,"href":"https:\/\/www.planetdiving.com\/site2\/wp-json\/wp\/v2\/comments?post=1025"}],"version-history":[{"count":11,"href":"https:\/\/www.planetdiving.com\/site2\/wp-json\/wp\/v2\/pages\/1025\/revisions"}],"predecessor-version":[{"id":2332,"href":"https:\/\/www.planetdiving.com\/site2\/wp-json\/wp\/v2\/pages\/1025\/revisions\/2332"}],"wp:attachment":[{"href":"https:\/\/www.planetdiving.com\/site2\/wp-json\/wp\/v2\/media?parent=1025"}],"curies":[{"name":"wp","href":"https:\/\/api.w.org\/{rel}","templated":true}]}}