{"id":1022,"date":"2023-10-11T15:43:50","date_gmt":"2023-10-11T13:43:50","guid":{"rendered":"https:\/\/www.planetdiving.com\/site2\/?page_id=1022"},"modified":"2023-10-11T17:17:06","modified_gmt":"2023-10-11T15:17:06","slug":"cours-tdi","status":"publish","type":"page","link":"https:\/\/www.planetdiving.com\/site2\/ecole\/cours-tdi\/","title":{"rendered":"Cours TDI"},"content":{"rendered":"\n<h5 class=\"wp-block-heading\">NOS COURS TDI<\/h5>\n\n\n\n<div class=\"wp-block-group is-content-justification-space-between is-layout-flex wp-container-core-group-is-layout-e5edad21 wp-block-group-is-layout-flex\">\n<ul class=\"wp-block-list\">\n<li><a href=\"https:\/\/www.planetdiving.com\/site2\/ecole\/cours-tdi\/tdi-nitrox\/\" data-type=\"page\" data-id=\"1073\">Nitrox<\/a><\/li>\n\n\n\n<li><a href=\"https:\/\/www.planetdiving.com\/site2\/ecole\/cours-tdi\/tdi-procedures-de-decompression\/\" data-type=\"page\" data-id=\"1075\">Proc\u00e9dures de d\u00e9compression<\/a><\/li>\n\n\n\n<li><a href=\"https:\/\/www.planetdiving.com\/site2\/ecole\/cours-tdi\/tdi-nitrox-avance\/\" data-type=\"page\" data-id=\"1080\">Nitrox avanc\u00e9<\/a><\/li>\n\n\n\n<li><a href=\"https:\/\/www.planetdiving.com\/site2\/ecole\/cours-tdi\/tdi-recreational-trimix\/\" data-type=\"page\" data-id=\"1082\">Recreational Trimix<\/a><\/li>\n\n\n\n<li><a href=\"https:\/\/www.planetdiving.com\/site2\/ecole\/cours-tdi\/tdi-gaz-blender\/\" data-type=\"page\" data-id=\"1084\">Gaz Blender<\/a><\/li>\n<\/ul>\n\n\n\n<figure class=\"wp-block-image size-full\"><img loading=\"lazy\" decoding=\"async\" width=\"150\" height=\"150\" src=\"https:\/\/www.planetdiving.com\/site2\/wp-content\/uploads\/2023\/10\/tdi_150.png\" alt=\"\" class=\"wp-image-1023\"\/><\/figure>\n\n\n\n<p><a rel=\"noreferrer noopener\" href=\"http:\/\/www.tdisdi.com\/?lang=fr_fr\" target=\"_blank\">Technical Diving International (TDI)<\/a>&nbsp;supervise la plong\u00e9e technique au niveau mondial. Gr\u00e2ce \u00e0 une longue exp\u00e9rience dans le milieu de la formation, le syst\u00e8me TDI forme des plongeurs qui connaissent et ma\u00eetrisent les diff\u00e9rents aspects de la plong\u00e9e technique. <br><br>Les brevets pass\u00e9s en lac sont valables en mer et inversement. Les brevets sont valables \u00e0 vie.<\/p>\n<\/div>\n","protected":false},"excerpt":{"rendered":"<p>NOS COURS TDI Technical Diving International (TDI)&nbsp;supervise la plong\u00e9e technique au niveau mondial. Gr\u00e2ce \u00e0 une longue exp\u00e9rience dans le milieu de la formation, le syst\u00e8me TDI forme des plongeurs qui connaissent et ma\u00eetrisent les diff\u00e9rents aspects de la plong\u00e9e technique. Les brevets pass\u00e9s en lac sont valables en mer et inversement. Les brevets sont [&hellip;]<\/p>\n","protected":false},"author":1,"featured_media":0,"parent":1025,"menu_order":3,"comment_status":"closed","ping_status":"closed","template":"","meta":{"footnotes":""},"class_list":["post-1022","page","type-page","status-publish","hentry"],"_links":{"self":[{"href":"https:\/\/www.planetdiving.com\/site2\/wp-json\/wp\/v2\/pages\/1022","targetHints":{"allow":["GET"]}}],"collection":[{"href":"https:\/\/www.planetdiving.com\/site2\/wp-json\/wp\/v2\/pages"}],"about":[{"href":"https:\/\/www.planetdiving.com\/site2\/wp-json\/wp\/v2\/types\/page"}],"author":[{"embeddable":true,"href":"https:\/\/www.planetdiving.com\/site2\/wp-json\/wp\/v2\/users\/1"}],"replies":[{"embeddable":true,"href":"https:\/\/www.planetdiving.com\/site2\/wp-json\/wp\/v2\/comments?post=1022"}],"version-history":[{"count":3,"href":"https:\/\/www.planetdiving.com\/site2\/wp-json\/wp\/v2\/pages\/1022\/revisions"}],"predecessor-version":[{"id":1115,"href":"https:\/\/www.planetdiving.com\/site2\/wp-json\/wp\/v2\/pages\/1022\/revisions\/1115"}],"up":[{"embeddable":true,"href":"https:\/\/www.planetdiving.com\/site2\/wp-json\/wp\/v2\/pages\/1025"}],"wp:attachment":[{"href":"https:\/\/www.planetdiving.com\/site2\/wp-json\/wp\/v2\/media?parent=1022"}],"curies":[{"name":"wp","href":"https:\/\/api.w.org\/{rel}","templated":true}]}}