{"id":1018,"date":"2023-10-11T15:40:45","date_gmt":"2023-10-11T13:40:45","guid":{"rendered":"https:\/\/www.planetdiving.com\/site2\/?page_id=1018"},"modified":"2023-10-11T17:10:05","modified_gmt":"2023-10-11T15:10:05","slug":"cours-cmas","status":"publish","type":"page","link":"https:\/\/www.planetdiving.com\/site2\/ecole\/cours-cmas\/","title":{"rendered":"Cours CMAS"},"content":{"rendered":"\n<h5 class=\"wp-block-heading\">NOS COURS CMAS<\/h5>\n\n\n\n<div class=\"wp-block-group is-content-justification-space-between is-layout-flex wp-container-core-group-is-layout-e5edad21 wp-block-group-is-layout-flex\">\n<ul class=\"wp-block-list\">\n<li><a href=\"https:\/\/www.planetdiving.com\/site2\/ecole\/cours-cmas\/cmas-p1\/\" data-type=\"page\" data-id=\"1059\">P1<\/a><\/li>\n\n\n\n<li><a href=\"https:\/\/www.planetdiving.com\/site2\/ecole\/cours-cmas\/cmas-p2\/\" data-type=\"page\" data-id=\"1061\">P2<\/a><\/li>\n\n\n\n<li><a href=\"https:\/\/www.planetdiving.com\/site2\/ecole\/cours-cmas\/cmas-p3\/\" data-type=\"page\" data-id=\"1063\">P3<\/a><\/li>\n\n\n\n<li><a href=\"https:\/\/www.planetdiving.com\/site2\/ecole\/cours-cmas\/cmas-p4\/\" data-type=\"page\" data-id=\"1065\">P4<\/a><\/li>\n\n\n\n<li><a href=\"https:\/\/www.planetdiving.com\/site2\/ecole\/cours-tdi\/tdi-nitrox\/\" data-type=\"page\" data-id=\"1073\">Nitrox<\/a><\/li>\n\n\n\n<li><a href=\"https:\/\/www.planetdiving.com\/site2\/ecole\/cours-cmas\/cmas-recreational-trimix\/\" data-type=\"page\" data-id=\"1069\">Recreational Trimix<\/a><\/li>\n\n\n\n<li><a href=\"https:\/\/www.planetdiving.com\/site2\/ecole\/cours-cmas\/cmas-specialites\/\" data-type=\"page\" data-id=\"1071\">Sp\u00e9cialit\u00e9s<\/a><\/li>\n<\/ul>\n\n\n\n<figure class=\"wp-block-image size-full\"><img loading=\"lazy\" decoding=\"async\" width=\"150\" height=\"150\" src=\"https:\/\/www.planetdiving.com\/site2\/wp-content\/uploads\/2023\/10\/cmas_150.png\" alt=\"CMAS\" class=\"wp-image-1019\"\/><\/figure>\n\n\n\n<p><a rel=\"noreferrer noopener\" href=\"http:\/\/www.cmas.ch\/\" target=\"_blank\">La Conf\u00e9d\u00e9ration Mondiale des Activit\u00e9s Subaquatiques (CMAS)<\/a>&nbsp;est l&rsquo;organe qui supervise la plong\u00e9e sportive. Les plongeurs CMAS sont mondialement reconnus pour avoir suivis une formation rigoureuse, stricte et sont respect\u00e9s pour leur connaissance et ma\u00eetrise de la plong\u00e9e sous-marine.<br><br>Les brevets pass\u00e9s en lac sont valables en mer et inversement. Les brevets sont valables \u00e0 vie.<\/p>\n<\/div>\n","protected":false},"excerpt":{"rendered":"<p>NOS COURS CMAS La Conf\u00e9d\u00e9ration Mondiale des Activit\u00e9s Subaquatiques (CMAS)&nbsp;est l&rsquo;organe qui supervise la plong\u00e9e sportive. Les plongeurs CMAS sont mondialement reconnus pour avoir suivis une formation rigoureuse, stricte et sont respect\u00e9s pour leur connaissance et ma\u00eetrise de la plong\u00e9e sous-marine. Les brevets pass\u00e9s en lac sont valables en mer et inversement. Les brevets sont [&hellip;]<\/p>\n","protected":false},"author":1,"featured_media":0,"parent":1025,"menu_order":2,"comment_status":"closed","ping_status":"closed","template":"","meta":{"footnotes":""},"class_list":["post-1018","page","type-page","status-publish","hentry"],"_links":{"self":[{"href":"https:\/\/www.planetdiving.com\/site2\/wp-json\/wp\/v2\/pages\/1018","targetHints":{"allow":["GET"]}}],"collection":[{"href":"https:\/\/www.planetdiving.com\/site2\/wp-json\/wp\/v2\/pages"}],"about":[{"href":"https:\/\/www.planetdiving.com\/site2\/wp-json\/wp\/v2\/types\/page"}],"author":[{"embeddable":true,"href":"https:\/\/www.planetdiving.com\/site2\/wp-json\/wp\/v2\/users\/1"}],"replies":[{"embeddable":true,"href":"https:\/\/www.planetdiving.com\/site2\/wp-json\/wp\/v2\/comments?post=1018"}],"version-history":[{"count":3,"href":"https:\/\/www.planetdiving.com\/site2\/wp-json\/wp\/v2\/pages\/1018\/revisions"}],"predecessor-version":[{"id":1106,"href":"https:\/\/www.planetdiving.com\/site2\/wp-json\/wp\/v2\/pages\/1018\/revisions\/1106"}],"up":[{"embeddable":true,"href":"https:\/\/www.planetdiving.com\/site2\/wp-json\/wp\/v2\/pages\/1025"}],"wp:attachment":[{"href":"https:\/\/www.planetdiving.com\/site2\/wp-json\/wp\/v2\/media?parent=1018"}],"curies":[{"name":"wp","href":"https:\/\/api.w.org\/{rel}","templated":true}]}}